{"id":590,"date":"2020-04-28T20:15:56","date_gmt":"2020-04-28T13:15:56","guid":{"rendered":"http:\/\/thuyluccongnghiep.com\/?post_type=product&#038;p=590"},"modified":"2020-04-28T20:15:56","modified_gmt":"2020-04-28T13:15:56","slug":"xy-lanh-thuy-luc-don","status":"publish","type":"product","link":"https:\/\/thuyluccongnghiep.com\/index.php\/san-pham\/xy-lanh-thuy-luc-don\/","title":{"rendered":"Xy lanh th\u1ee7y l\u1ef1c \u0111\u01a1n"},"content":{"rendered":"<h3>Ch\u00fang t\u00f4i thi\u1ebft k\u1ebf xylanh th\u1ee7y l\u1ef1c theo y\u00eau c\u1ea7u kh\u00e1ch h\u00e0ng :<\/h3>\n<h3>Qu\u00fd kh\u00e1ch vui l\u00f2ng cung c\u1ea5p th\u00f4ng tin :<\/h3>\n<h3>\u0110\u01b0\u1eddng k\u00ednh \u1ed1ng xylanh = ?<\/h3>\n<h3>\u0110\u01b0\u1eddng k\u00ednh c\u1ea7n xylanh = ?<\/h3>\n<h3>H\u00e0nh tr\u00ecnh l\u00e0m vi\u1ec7c\u00a0 = ?<\/h3>\n<h3>Ki\u1ec3u l\u1eafp : v\u00ed d\u1ee5 EB \u2013 RB : 2 \u0111\u1ea7u bi c\u1ea7u<\/h3>\n<h3>Qu\u00fd kh\u00e1ch c\u00f3 th\u1ec3 d\u1ef1a v\u00e0o catalog xylanh ti\u00eau chu\u1ea9n \u0111\u1ec3 \u0111\u1eb7t h\u00e0ng :<\/h3>\n<p><a href=\"http:\/\/thuyluccongnghiep.com\/index.php\/2016\/10\/10\/xylanh-thuy-luc\/xylanh-tieu-chuan\/\" rel=\"attachment wp-att-169\"><img loading=\"lazy\" decoding=\"async\" class=\"alignnone size-full wp-image-169\" src=\"http:\/\/thuyluccongnghiep.com\/wp-content\/uploads\/2016\/10\/Xylanh-tieu-chuan.jpg\" alt=\"\" width=\"1568\" height=\"1133\" srcset=\"https:\/\/thuyluccongnghiep.com\/wp-content\/uploads\/2016\/10\/Xylanh-tieu-chuan.jpg 1568w, https:\/\/thuyluccongnghiep.com\/wp-content\/uploads\/2016\/10\/Xylanh-tieu-chuan-548x396.jpg 548w, https:\/\/thuyluccongnghiep.com\/wp-content\/uploads\/2016\/10\/Xylanh-tieu-chuan-300x217.jpg 300w, https:\/\/thuyluccongnghiep.com\/wp-content\/uploads\/2016\/10\/Xylanh-tieu-chuan-768x555.jpg 768w, https:\/\/thuyluccongnghiep.com\/wp-content\/uploads\/2016\/10\/Xylanh-tieu-chuan-1024x740.jpg 1024w\" sizes=\"auto, (max-width: 1568px) 100vw, 1568px\" \/><\/a><\/p>\n<p><a href=\"http:\/\/thuyluccongnghiep.com\/index.php\/2016\/10\/10\/xylanh-thuy-luc\/img_0371\/\" rel=\"attachment wp-att-267\"><img loading=\"lazy\" decoding=\"async\" class=\"alignnone size-full wp-image-267\" src=\"http:\/\/thuyluccongnghiep.com\/wp-content\/uploads\/2017\/03\/IMG_0371-scaled.jpg\" alt=\"\" width=\"2560\" height=\"1920\" srcset=\"https:\/\/thuyluccongnghiep.com\/wp-content\/uploads\/2017\/03\/IMG_0371-scaled.jpg 2560w, https:\/\/thuyluccongnghiep.com\/wp-content\/uploads\/2017\/03\/IMG_0371-548x411.jpg 548w, https:\/\/thuyluccongnghiep.com\/wp-content\/uploads\/2017\/03\/IMG_0371-150x113.jpg 150w, https:\/\/thuyluccongnghiep.com\/wp-content\/uploads\/2017\/03\/IMG_0371-300x225.jpg 300w, https:\/\/thuyluccongnghiep.com\/wp-content\/uploads\/2017\/03\/IMG_0371-768x576.jpg 768w, https:\/\/thuyluccongnghiep.com\/wp-content\/uploads\/2017\/03\/IMG_0371-1024x768.jpg 1024w\" sizes=\"auto, (max-width: 2560px) 100vw, 2560px\" \/><\/a> <a href=\"http:\/\/thuyluccongnghiep.com\/index.php\/2016\/10\/10\/xylanh-thuy-luc\/img_0370\/\" rel=\"attachment wp-att-266\"><img loading=\"lazy\" decoding=\"async\" class=\"alignnone size-full wp-image-266\" src=\"http:\/\/thuyluccongnghiep.com\/wp-content\/uploads\/2017\/03\/IMG_0370-scaled.jpg\" alt=\"\" width=\"2560\" height=\"1920\" srcset=\"https:\/\/thuyluccongnghiep.com\/wp-content\/uploads\/2017\/03\/IMG_0370-scaled.jpg 2560w, https:\/\/thuyluccongnghiep.com\/wp-content\/uploads\/2017\/03\/IMG_0370-548x411.jpg 548w, https:\/\/thuyluccongnghiep.com\/wp-content\/uploads\/2017\/03\/IMG_0370-150x113.jpg 150w, https:\/\/thuyluccongnghiep.com\/wp-content\/uploads\/2017\/03\/IMG_0370-300x225.jpg 300w, https:\/\/thuyluccongnghiep.com\/wp-content\/uploads\/2017\/03\/IMG_0370-768x576.jpg 768w, https:\/\/thuyluccongnghiep.com\/wp-content\/uploads\/2017\/03\/IMG_0370-1024x768.jpg 1024w\" sizes=\"auto, (max-width: 2560px) 100vw, 2560px\" \/><\/a><\/p>\n<h3>Video minh h\u1ecda quy tr\u00ecnh s\u1ea3n xu\u1ea5t xylanh :<\/h3>\n<p><iframe loading=\"lazy\" title=\"Xylanh th\u1ee7y l\u1ef1c \u0111\u01b0\u1ee3c s\u1ea3n xu\u1ea5t nh\u01b0 th\u1ebf n\u00e0o ?\" width=\"1170\" height=\"878\" src=\"https:\/\/www.youtube.com\/embed\/LdyzMMi9CYk?feature=oembed\" frameborder=\"0\" allow=\"accelerometer; autoplay; encrypted-media; gyroscope; picture-in-picture\" allowfullscreen><\/iframe><\/p>\n","protected":false},"excerpt":{"rendered":"<p>Ch\u00fang t\u00f4i thi\u1ebft k\u1ebf xylanh th\u1ee7y l\u1ef1c theo y\u00eau c\u1ea7u kh\u00e1ch h\u00e0ng : Qu\u00fd kh\u00e1ch vui l\u00f2ng cung c\u1ea5p th\u00f4ng tin : \u0110\u01b0\u1eddng k\u00ednh \u1ed1ng xylanh = ? \u0110\u01b0\u1eddng k\u00ednh c\u1ea7n xylanh = ? H\u00e0nh tr\u00ecnh l\u00e0m vi\u1ec7c\u00a0 = ? Ki\u1ec3u l\u1eafp : v\u00ed d\u1ee5 EB \u2013 RB : 2&hellip; <\/p>\n","protected":false},"featured_media":202,"template":"","meta":[],"product_cat":[13],"product_tag":[],"class_list":["post-590","product","type-product","status-publish","has-post-thumbnail","hentry","product_cat-xylanh-thuy-luc"],"yoast_head":"<!-- This site is optimized with the Yoast SEO plugin v19.8 - https:\/\/yoast.com\/wordpress\/plugins\/seo\/ -->\n<title>Xy lanh th\u1ee7y l\u1ef1c \u0111\u01a1n - TH\u1ee6Y L\u1ef0C MINH \u0110\u1ee8C<\/title>\n<meta name=\"robots\" content=\"index, follow, max-snippet:-1, max-image-preview:large, max-video-preview:-1\" \/>\n<link rel=\"canonical\" href=\"https:\/\/thuyluccongnghiep.com\/index.php\/san-pham\/xy-lanh-thuy-luc-don\/\" \/>\n<meta property=\"og:locale\" content=\"vi_VN\" \/>\n<meta property=\"og:type\" content=\"article\" \/>\n<meta property=\"og:title\" content=\"Xy lanh th\u1ee7y l\u1ef1c \u0111\u01a1n - TH\u1ee6Y L\u1ef0C MINH \u0110\u1ee8C\" \/>\n<meta property=\"og:description\" content=\"Ch\u00fang t\u00f4i thi\u1ebft k\u1ebf xylanh th\u1ee7y l\u1ef1c theo y\u00eau c\u1ea7u kh\u00e1ch h\u00e0ng : Qu\u00fd kh\u00e1ch vui l\u00f2ng cung c\u1ea5p th\u00f4ng tin : \u0110\u01b0\u1eddng k\u00ednh \u1ed1ng xylanh = ? \u0110\u01b0\u1eddng k\u00ednh c\u1ea7n xylanh = ? H\u00e0nh tr\u00ecnh l\u00e0m vi\u1ec7c\u00a0 = ? Ki\u1ec3u l\u1eafp : v\u00ed d\u1ee5 EB \u2013 RB : 2&hellip;\" \/>\n<meta property=\"og:url\" content=\"https:\/\/thuyluccongnghiep.com\/index.php\/san-pham\/xy-lanh-thuy-luc-don\/\" \/>\n<meta property=\"og:site_name\" content=\"TH\u1ee6Y L\u1ef0C MINH \u0110\u1ee8C\" \/>\n<meta property=\"og:image\" content=\"https:\/\/thuyluccongnghiep.com\/wp-content\/uploads\/2016\/10\/Xy-lanh-thuy-luc-duoc-san-xuat-nhu-the-nao_01-2.jpg\" \/>\n\t<meta property=\"og:image:width\" content=\"414\" \/>\n\t<meta property=\"og:image:height\" content=\"480\" \/>\n\t<meta property=\"og:image:type\" content=\"image\/jpeg\" \/>\n<meta name=\"twitter:card\" content=\"summary_large_image\" \/>\n<meta name=\"twitter:label1\" content=\"\u01af\u1edbc t\u00ednh th\u1eddi gian \u0111\u1ecdc\" \/>\n\t<meta name=\"twitter:data1\" content=\"1 ph\u00fat\" \/>\n<script type=\"application\/ld+json\" class=\"yoast-schema-graph\">{\"@context\":\"https:\/\/schema.org\",\"@graph\":[{\"@type\":\"WebPage\",\"@id\":\"https:\/\/thuyluccongnghiep.com\/index.php\/san-pham\/xy-lanh-thuy-luc-don\/\",\"url\":\"https:\/\/thuyluccongnghiep.com\/index.php\/san-pham\/xy-lanh-thuy-luc-don\/\",\"name\":\"Xy lanh th\u1ee7y l\u1ef1c \u0111\u01a1n - TH\u1ee6Y L\u1ef0C MINH \u0110\u1ee8C\",\"isPartOf\":{\"@id\":\"https:\/\/thuyluccongnghiep.com\/#website\"},\"datePublished\":\"2020-04-28T13:15:56+00:00\",\"dateModified\":\"2020-04-28T13:15:56+00:00\",\"breadcrumb\":{\"@id\":\"https:\/\/thuyluccongnghiep.com\/index.php\/san-pham\/xy-lanh-thuy-luc-don\/#breadcrumb\"},\"inLanguage\":\"vi\",\"potentialAction\":[{\"@type\":\"ReadAction\",\"target\":[\"https:\/\/thuyluccongnghiep.com\/index.php\/san-pham\/xy-lanh-thuy-luc-don\/\"]}]},{\"@type\":\"BreadcrumbList\",\"@id\":\"https:\/\/thuyluccongnghiep.com\/index.php\/san-pham\/xy-lanh-thuy-luc-don\/#breadcrumb\",\"itemListElement\":[{\"@type\":\"ListItem\",\"position\":1,\"name\":\"Home\",\"item\":\"https:\/\/thuyluccongnghiep.com\/\"},{\"@type\":\"ListItem\",\"position\":2,\"name\":\"C\u1eeda h\u00e0ng\",\"item\":\"https:\/\/thuyluccongnghiep.com\/\"},{\"@type\":\"ListItem\",\"position\":3,\"name\":\"Xy lanh th\u1ee7y l\u1ef1c \u0111\u01a1n\"}]},{\"@type\":\"WebSite\",\"@id\":\"https:\/\/thuyluccongnghiep.com\/#website\",\"url\":\"https:\/\/thuyluccongnghiep.com\/\",\"name\":\"TH\u1ee6Y L\u1ef0C MINH \u0110\u1ee8C\",\"description\":\"Uy T\u00edn- T\u1eadn T\u00e2m - CHuy\u00ean Nghi\u1ec7p\",\"publisher\":{\"@id\":\"https:\/\/thuyluccongnghiep.com\/#organization\"},\"potentialAction\":[{\"@type\":\"SearchAction\",\"target\":{\"@type\":\"EntryPoint\",\"urlTemplate\":\"https:\/\/thuyluccongnghiep.com\/?s={search_term_string}\"},\"query-input\":\"required name=search_term_string\"}],\"inLanguage\":\"vi\"},{\"@type\":\"Organization\",\"@id\":\"https:\/\/thuyluccongnghiep.com\/#organization\",\"name\":\"TH\u1ee6Y L\u1ef0C MINH \u0110\u1ee8C\",\"url\":\"https:\/\/thuyluccongnghiep.com\/\",\"sameAs\":[],\"logo\":{\"@type\":\"ImageObject\",\"inLanguage\":\"vi\",\"@id\":\"https:\/\/thuyluccongnghiep.com\/#\/schema\/logo\/image\/\",\"url\":\"https:\/\/thuyluccongnghiep.com\/wp-content\/uploads\/2020\/04\/cropped-Logo1.jpg\",\"contentUrl\":\"https:\/\/thuyluccongnghiep.com\/wp-content\/uploads\/2020\/04\/cropped-Logo1.jpg\",\"width\":203,\"height\":203,\"caption\":\"TH\u1ee6Y L\u1ef0C MINH \u0110\u1ee8C\"},\"image\":{\"@id\":\"https:\/\/thuyluccongnghiep.com\/#\/schema\/logo\/image\/\"}}]}<\/script>\n<!-- \/ Yoast SEO plugin. -->","yoast_head_json":{"title":"Xy lanh th\u1ee7y l\u1ef1c \u0111\u01a1n - TH\u1ee6Y L\u1ef0C MINH \u0110\u1ee8C","robots":{"index":"index","follow":"follow","max-snippet":"max-snippet:-1","max-image-preview":"max-image-preview:large","max-video-preview":"max-video-preview:-1"},"canonical":"https:\/\/thuyluccongnghiep.com\/index.php\/san-pham\/xy-lanh-thuy-luc-don\/","og_locale":"vi_VN","og_type":"article","og_title":"Xy lanh th\u1ee7y l\u1ef1c \u0111\u01a1n - TH\u1ee6Y L\u1ef0C MINH \u0110\u1ee8C","og_description":"Ch\u00fang t\u00f4i thi\u1ebft k\u1ebf xylanh th\u1ee7y l\u1ef1c theo y\u00eau c\u1ea7u kh\u00e1ch h\u00e0ng : Qu\u00fd kh\u00e1ch vui l\u00f2ng cung c\u1ea5p th\u00f4ng tin : \u0110\u01b0\u1eddng k\u00ednh \u1ed1ng xylanh = ? \u0110\u01b0\u1eddng k\u00ednh c\u1ea7n xylanh = ? H\u00e0nh tr\u00ecnh l\u00e0m vi\u1ec7c\u00a0 = ? Ki\u1ec3u l\u1eafp : v\u00ed d\u1ee5 EB \u2013 RB : 2&hellip;","og_url":"https:\/\/thuyluccongnghiep.com\/index.php\/san-pham\/xy-lanh-thuy-luc-don\/","og_site_name":"TH\u1ee6Y L\u1ef0C MINH \u0110\u1ee8C","og_image":[{"width":414,"height":480,"url":"https:\/\/thuyluccongnghiep.com\/wp-content\/uploads\/2016\/10\/Xy-lanh-thuy-luc-duoc-san-xuat-nhu-the-nao_01-2.jpg","type":"image\/jpeg"}],"twitter_card":"summary_large_image","twitter_misc":{"\u01af\u1edbc t\u00ednh th\u1eddi gian \u0111\u1ecdc":"1 ph\u00fat"},"schema":{"@context":"https:\/\/schema.org","@graph":[{"@type":"WebPage","@id":"https:\/\/thuyluccongnghiep.com\/index.php\/san-pham\/xy-lanh-thuy-luc-don\/","url":"https:\/\/thuyluccongnghiep.com\/index.php\/san-pham\/xy-lanh-thuy-luc-don\/","name":"Xy lanh th\u1ee7y l\u1ef1c \u0111\u01a1n - TH\u1ee6Y L\u1ef0C MINH \u0110\u1ee8C","isPartOf":{"@id":"https:\/\/thuyluccongnghiep.com\/#website"},"datePublished":"2020-04-28T13:15:56+00:00","dateModified":"2020-04-28T13:15:56+00:00","breadcrumb":{"@id":"https:\/\/thuyluccongnghiep.com\/index.php\/san-pham\/xy-lanh-thuy-luc-don\/#breadcrumb"},"inLanguage":"vi","potentialAction":[{"@type":"ReadAction","target":["https:\/\/thuyluccongnghiep.com\/index.php\/san-pham\/xy-lanh-thuy-luc-don\/"]}]},{"@type":"BreadcrumbList","@id":"https:\/\/thuyluccongnghiep.com\/index.php\/san-pham\/xy-lanh-thuy-luc-don\/#breadcrumb","itemListElement":[{"@type":"ListItem","position":1,"name":"Home","item":"https:\/\/thuyluccongnghiep.com\/"},{"@type":"ListItem","position":2,"name":"C\u1eeda h\u00e0ng","item":"https:\/\/thuyluccongnghiep.com\/"},{"@type":"ListItem","position":3,"name":"Xy lanh th\u1ee7y l\u1ef1c \u0111\u01a1n"}]},{"@type":"WebSite","@id":"https:\/\/thuyluccongnghiep.com\/#website","url":"https:\/\/thuyluccongnghiep.com\/","name":"TH\u1ee6Y L\u1ef0C MINH \u0110\u1ee8C","description":"Uy T\u00edn- T\u1eadn T\u00e2m - CHuy\u00ean Nghi\u1ec7p","publisher":{"@id":"https:\/\/thuyluccongnghiep.com\/#organization"},"potentialAction":[{"@type":"SearchAction","target":{"@type":"EntryPoint","urlTemplate":"https:\/\/thuyluccongnghiep.com\/?s={search_term_string}"},"query-input":"required name=search_term_string"}],"inLanguage":"vi"},{"@type":"Organization","@id":"https:\/\/thuyluccongnghiep.com\/#organization","name":"TH\u1ee6Y L\u1ef0C MINH \u0110\u1ee8C","url":"https:\/\/thuyluccongnghiep.com\/","sameAs":[],"logo":{"@type":"ImageObject","inLanguage":"vi","@id":"https:\/\/thuyluccongnghiep.com\/#\/schema\/logo\/image\/","url":"https:\/\/thuyluccongnghiep.com\/wp-content\/uploads\/2020\/04\/cropped-Logo1.jpg","contentUrl":"https:\/\/thuyluccongnghiep.com\/wp-content\/uploads\/2020\/04\/cropped-Logo1.jpg","width":203,"height":203,"caption":"TH\u1ee6Y L\u1ef0C MINH \u0110\u1ee8C"},"image":{"@id":"https:\/\/thuyluccongnghiep.com\/#\/schema\/logo\/image\/"}}]}},"_links":{"self":[{"href":"https:\/\/thuyluccongnghiep.com\/index.php\/wp-json\/wp\/v2\/product\/590","targetHints":{"allow":["GET"]}}],"collection":[{"href":"https:\/\/thuyluccongnghiep.com\/index.php\/wp-json\/wp\/v2\/product"}],"about":[{"href":"https:\/\/thuyluccongnghiep.com\/index.php\/wp-json\/wp\/v2\/types\/product"}],"wp:featuredmedia":[{"embeddable":true,"href":"https:\/\/thuyluccongnghiep.com\/index.php\/wp-json\/wp\/v2\/media\/202"}],"wp:attachment":[{"href":"https:\/\/thuyluccongnghiep.com\/index.php\/wp-json\/wp\/v2\/media?parent=590"}],"wp:term":[{"taxonomy":"product_cat","embeddable":true,"href":"https:\/\/thuyluccongnghiep.com\/index.php\/wp-json\/wp\/v2\/product_cat?post=590"},{"taxonomy":"product_tag","embeddable":true,"href":"https:\/\/thuyluccongnghiep.com\/index.php\/wp-json\/wp\/v2\/product_tag?post=590"}],"curies":[{"name":"wp","href":"https:\/\/api.w.org\/{rel}","templated":true}]}}