{"id":88,"date":"2016-09-26T13:36:10","date_gmt":"2016-09-26T06:36:10","guid":{"rendered":"http:\/\/thuyluccongnghiep.com\/?post_type=product&#038;p=88"},"modified":"2021-05-04T16:56:08","modified_gmt":"2021-05-04T09:56:08","slug":"van-toan-b","status":"publish","type":"product","link":"http:\/\/thuyluccongnghiep.com\/index.php\/san-pham\/van-toan-b\/","title":{"rendered":"Van an to\u00e0n A-B VBDC Oleoweb"},"content":{"rendered":"<h3>Van an to\u00e0n A-B \u0111\u01b0\u1eddng \u1ed1ng<\/h3>\n<h3>Xu\u1ea5t x\u1ee9 : Italia<\/h3>\n<h3>Ch\u00e2n ren: 3\/8&#8221; , 1\/2&#8221;<\/h3>\n<h3>\u1ee8ng d\u1ee5ng : \u00a0m\u00e1y l\u00e1i , h\u1ec7 th\u1ed1ng th\u1ee7y l\u1ef1c ,&#8230;<\/h3>\n<hr \/>\n<p><a href=\"http:\/\/thuyluccongnghiep.com\/index.php\/san-pham\/van-toan-b\/vbdc-van-an-toan-ab\/\" rel=\"attachment wp-att-90\"><img loading=\"lazy\" decoding=\"async\" class=\"alignnone size-full wp-image-90\" src=\"http:\/\/thuyluccongnghiep.com\/wp-content\/uploads\/2016\/09\/VBDC-van-an-to\u00e0n-AB.jpg\" alt=\"vbdc-van-an-toan-ab\" width=\"1024\" height=\"1320\" srcset=\"http:\/\/thuyluccongnghiep.com\/wp-content\/uploads\/2016\/09\/VBDC-van-an-to\u00e0n-AB.jpg 1024w, http:\/\/thuyluccongnghiep.com\/wp-content\/uploads\/2016\/09\/VBDC-van-an-to\u00e0n-AB-548x706.jpg 548w, http:\/\/thuyluccongnghiep.com\/wp-content\/uploads\/2016\/09\/VBDC-van-an-to\u00e0n-AB-233x300.jpg 233w, http:\/\/thuyluccongnghiep.com\/wp-content\/uploads\/2016\/09\/VBDC-van-an-to\u00e0n-AB-768x990.jpg 768w, http:\/\/thuyluccongnghiep.com\/wp-content\/uploads\/2016\/09\/VBDC-van-an-to\u00e0n-AB-794x1024.jpg 794w\" sizes=\"auto, (max-width: 1024px) 100vw, 1024px\" \/><\/a><\/p>\n<p>&nbsp;<\/p>\n","protected":false},"excerpt":{"rendered":"<p>Van an to\u00e0n A-B \u0111\u01b0\u1eddng \u1ed1ng Xu\u1ea5t x\u1ee9 : Italia Ch\u00e2n ren: 3\/8&#8221; , 1\/2&#8221; \u1ee8ng d\u1ee5ng : \u00a0m\u00e1y l\u00e1i , h\u1ec7 th\u1ed1ng th\u1ee7y l\u1ef1c ,&#8230; &nbsp;<\/p>\n","protected":false},"featured_media":106,"template":"","meta":[],"product_cat":[9,8],"product_tag":[23,22],"class_list":["post-88","product","type-product","status-publish","has-post-thumbnail","hentry","product_cat-van-duong-ong","product_cat-san-pham-ban-chay","product_tag-duong-ong","product_tag-van-an-toan"],"yoast_head":"<!-- This site is optimized with the Yoast SEO plugin v19.8 - https:\/\/yoast.com\/wordpress\/plugins\/seo\/ -->\n<title>Van an to\u00e0n A-B VBDC Oleoweb - TH\u1ee6Y L\u1ef0C MINH \u0110\u1ee8C<\/title>\n<meta name=\"robots\" content=\"index, follow, max-snippet:-1, max-image-preview:large, max-video-preview:-1\" \/>\n<link rel=\"canonical\" href=\"http:\/\/thuyluccongnghiep.com\/index.php\/san-pham\/van-toan-b\/\" \/>\n<meta property=\"og:locale\" content=\"vi_VN\" \/>\n<meta property=\"og:type\" content=\"article\" \/>\n<meta property=\"og:title\" content=\"Van an to\u00e0n A-B VBDC Oleoweb - TH\u1ee6Y L\u1ef0C MINH \u0110\u1ee8C\" \/>\n<meta property=\"og:description\" content=\"Van an to\u00e0n A-B \u0111\u01b0\u1eddng \u1ed1ng Xu\u1ea5t x\u1ee9 : Italia Ch\u00e2n ren: 3\/8&#8221; , 1\/2&#8221; \u1ee8ng d\u1ee5ng : \u00a0m\u00e1y l\u00e1i , h\u1ec7 th\u1ed1ng th\u1ee7y l\u1ef1c ,&#8230; &nbsp;\" \/>\n<meta property=\"og:url\" content=\"http:\/\/thuyluccongnghiep.com\/index.php\/san-pham\/van-toan-b\/\" \/>\n<meta property=\"og:site_name\" content=\"TH\u1ee6Y L\u1ef0C MINH \u0110\u1ee8C\" \/>\n<meta property=\"article:modified_time\" content=\"2021-05-04T09:56:08+00:00\" \/>\n<meta property=\"og:image\" content=\"http:\/\/thuyluccongnghiep.com\/wp-content\/uploads\/2016\/09\/VBDC.jpg\" \/>\n\t<meta property=\"og:image:width\" content=\"350\" \/>\n\t<meta property=\"og:image:height\" content=\"348\" \/>\n\t<meta property=\"og:image:type\" content=\"image\/jpeg\" \/>\n<meta name=\"twitter:card\" content=\"summary_large_image\" \/>\n<script type=\"application\/ld+json\" class=\"yoast-schema-graph\">{\"@context\":\"https:\/\/schema.org\",\"@graph\":[{\"@type\":\"WebPage\",\"@id\":\"http:\/\/thuyluccongnghiep.com\/index.php\/san-pham\/van-toan-b\/\",\"url\":\"http:\/\/thuyluccongnghiep.com\/index.php\/san-pham\/van-toan-b\/\",\"name\":\"Van an to\u00e0n A-B VBDC Oleoweb - TH\u1ee6Y L\u1ef0C MINH \u0110\u1ee8C\",\"isPartOf\":{\"@id\":\"https:\/\/thuyluccongnghiep.com\/#website\"},\"datePublished\":\"2016-09-26T06:36:10+00:00\",\"dateModified\":\"2021-05-04T09:56:08+00:00\",\"breadcrumb\":{\"@id\":\"http:\/\/thuyluccongnghiep.com\/index.php\/san-pham\/van-toan-b\/#breadcrumb\"},\"inLanguage\":\"vi\",\"potentialAction\":[{\"@type\":\"ReadAction\",\"target\":[\"http:\/\/thuyluccongnghiep.com\/index.php\/san-pham\/van-toan-b\/\"]}]},{\"@type\":\"BreadcrumbList\",\"@id\":\"http:\/\/thuyluccongnghiep.com\/index.php\/san-pham\/van-toan-b\/#breadcrumb\",\"itemListElement\":[{\"@type\":\"ListItem\",\"position\":1,\"name\":\"Home\",\"item\":\"https:\/\/thuyluccongnghiep.com\/\"},{\"@type\":\"ListItem\",\"position\":2,\"name\":\"C\u1eeda h\u00e0ng\",\"item\":\"https:\/\/thuyluccongnghiep.com\/\"},{\"@type\":\"ListItem\",\"position\":3,\"name\":\"Van an to\u00e0n A-B VBDC Oleoweb\"}]},{\"@type\":\"WebSite\",\"@id\":\"https:\/\/thuyluccongnghiep.com\/#website\",\"url\":\"https:\/\/thuyluccongnghiep.com\/\",\"name\":\"TH\u1ee6Y L\u1ef0C MINH \u0110\u1ee8C\",\"description\":\"Uy T\u00edn- T\u1eadn T\u00e2m - CHuy\u00ean Nghi\u1ec7p\",\"publisher\":{\"@id\":\"https:\/\/thuyluccongnghiep.com\/#organization\"},\"potentialAction\":[{\"@type\":\"SearchAction\",\"target\":{\"@type\":\"EntryPoint\",\"urlTemplate\":\"https:\/\/thuyluccongnghiep.com\/?s={search_term_string}\"},\"query-input\":\"required name=search_term_string\"}],\"inLanguage\":\"vi\"},{\"@type\":\"Organization\",\"@id\":\"https:\/\/thuyluccongnghiep.com\/#organization\",\"name\":\"TH\u1ee6Y L\u1ef0C MINH \u0110\u1ee8C\",\"url\":\"https:\/\/thuyluccongnghiep.com\/\",\"sameAs\":[],\"logo\":{\"@type\":\"ImageObject\",\"inLanguage\":\"vi\",\"@id\":\"https:\/\/thuyluccongnghiep.com\/#\/schema\/logo\/image\/\",\"url\":\"http:\/\/thuyluccongnghiep.com\/wp-content\/uploads\/2020\/04\/cropped-Logo1.jpg\",\"contentUrl\":\"http:\/\/thuyluccongnghiep.com\/wp-content\/uploads\/2020\/04\/cropped-Logo1.jpg\",\"width\":203,\"height\":203,\"caption\":\"TH\u1ee6Y L\u1ef0C MINH \u0110\u1ee8C\"},\"image\":{\"@id\":\"https:\/\/thuyluccongnghiep.com\/#\/schema\/logo\/image\/\"}}]}<\/script>\n<!-- \/ Yoast SEO plugin. -->","yoast_head_json":{"title":"Van an to\u00e0n A-B VBDC Oleoweb - TH\u1ee6Y L\u1ef0C MINH \u0110\u1ee8C","robots":{"index":"index","follow":"follow","max-snippet":"max-snippet:-1","max-image-preview":"max-image-preview:large","max-video-preview":"max-video-preview:-1"},"canonical":"http:\/\/thuyluccongnghiep.com\/index.php\/san-pham\/van-toan-b\/","og_locale":"vi_VN","og_type":"article","og_title":"Van an to\u00e0n A-B VBDC Oleoweb - TH\u1ee6Y L\u1ef0C MINH \u0110\u1ee8C","og_description":"Van an to\u00e0n A-B \u0111\u01b0\u1eddng \u1ed1ng Xu\u1ea5t x\u1ee9 : Italia Ch\u00e2n ren: 3\/8&#8221; , 1\/2&#8221; \u1ee8ng d\u1ee5ng : \u00a0m\u00e1y l\u00e1i , h\u1ec7 th\u1ed1ng th\u1ee7y l\u1ef1c ,&#8230; &nbsp;","og_url":"http:\/\/thuyluccongnghiep.com\/index.php\/san-pham\/van-toan-b\/","og_site_name":"TH\u1ee6Y L\u1ef0C MINH \u0110\u1ee8C","article_modified_time":"2021-05-04T09:56:08+00:00","og_image":[{"width":350,"height":348,"url":"http:\/\/thuyluccongnghiep.com\/wp-content\/uploads\/2016\/09\/VBDC.jpg","type":"image\/jpeg"}],"twitter_card":"summary_large_image","schema":{"@context":"https:\/\/schema.org","@graph":[{"@type":"WebPage","@id":"http:\/\/thuyluccongnghiep.com\/index.php\/san-pham\/van-toan-b\/","url":"http:\/\/thuyluccongnghiep.com\/index.php\/san-pham\/van-toan-b\/","name":"Van an to\u00e0n A-B VBDC Oleoweb - TH\u1ee6Y L\u1ef0C MINH \u0110\u1ee8C","isPartOf":{"@id":"https:\/\/thuyluccongnghiep.com\/#website"},"datePublished":"2016-09-26T06:36:10+00:00","dateModified":"2021-05-04T09:56:08+00:00","breadcrumb":{"@id":"http:\/\/thuyluccongnghiep.com\/index.php\/san-pham\/van-toan-b\/#breadcrumb"},"inLanguage":"vi","potentialAction":[{"@type":"ReadAction","target":["http:\/\/thuyluccongnghiep.com\/index.php\/san-pham\/van-toan-b\/"]}]},{"@type":"BreadcrumbList","@id":"http:\/\/thuyluccongnghiep.com\/index.php\/san-pham\/van-toan-b\/#breadcrumb","itemListElement":[{"@type":"ListItem","position":1,"name":"Home","item":"https:\/\/thuyluccongnghiep.com\/"},{"@type":"ListItem","position":2,"name":"C\u1eeda h\u00e0ng","item":"https:\/\/thuyluccongnghiep.com\/"},{"@type":"ListItem","position":3,"name":"Van an to\u00e0n A-B VBDC Oleoweb"}]},{"@type":"WebSite","@id":"https:\/\/thuyluccongnghiep.com\/#website","url":"https:\/\/thuyluccongnghiep.com\/","name":"TH\u1ee6Y L\u1ef0C MINH \u0110\u1ee8C","description":"Uy T\u00edn- T\u1eadn T\u00e2m - CHuy\u00ean Nghi\u1ec7p","publisher":{"@id":"https:\/\/thuyluccongnghiep.com\/#organization"},"potentialAction":[{"@type":"SearchAction","target":{"@type":"EntryPoint","urlTemplate":"https:\/\/thuyluccongnghiep.com\/?s={search_term_string}"},"query-input":"required name=search_term_string"}],"inLanguage":"vi"},{"@type":"Organization","@id":"https:\/\/thuyluccongnghiep.com\/#organization","name":"TH\u1ee6Y L\u1ef0C MINH \u0110\u1ee8C","url":"https:\/\/thuyluccongnghiep.com\/","sameAs":[],"logo":{"@type":"ImageObject","inLanguage":"vi","@id":"https:\/\/thuyluccongnghiep.com\/#\/schema\/logo\/image\/","url":"http:\/\/thuyluccongnghiep.com\/wp-content\/uploads\/2020\/04\/cropped-Logo1.jpg","contentUrl":"http:\/\/thuyluccongnghiep.com\/wp-content\/uploads\/2020\/04\/cropped-Logo1.jpg","width":203,"height":203,"caption":"TH\u1ee6Y L\u1ef0C MINH \u0110\u1ee8C"},"image":{"@id":"https:\/\/thuyluccongnghiep.com\/#\/schema\/logo\/image\/"}}]}},"_links":{"self":[{"href":"http:\/\/thuyluccongnghiep.com\/index.php\/wp-json\/wp\/v2\/product\/88","targetHints":{"allow":["GET"]}}],"collection":[{"href":"http:\/\/thuyluccongnghiep.com\/index.php\/wp-json\/wp\/v2\/product"}],"about":[{"href":"http:\/\/thuyluccongnghiep.com\/index.php\/wp-json\/wp\/v2\/types\/product"}],"wp:featuredmedia":[{"embeddable":true,"href":"http:\/\/thuyluccongnghiep.com\/index.php\/wp-json\/wp\/v2\/media\/106"}],"wp:attachment":[{"href":"http:\/\/thuyluccongnghiep.com\/index.php\/wp-json\/wp\/v2\/media?parent=88"}],"wp:term":[{"taxonomy":"product_cat","embeddable":true,"href":"http:\/\/thuyluccongnghiep.com\/index.php\/wp-json\/wp\/v2\/product_cat?post=88"},{"taxonomy":"product_tag","embeddable":true,"href":"http:\/\/thuyluccongnghiep.com\/index.php\/wp-json\/wp\/v2\/product_tag?post=88"}],"curies":[{"name":"wp","href":"https:\/\/api.w.org\/{rel}","templated":true}]}}