{"id":83,"date":"2016-09-24T23:34:59","date_gmt":"2016-09-24T16:34:59","guid":{"rendered":"http:\/\/thuyluccongnghiep.com\/?post_type=product&#038;p=83"},"modified":"2024-11-07T13:19:00","modified_gmt":"2024-11-07T06:19:00","slug":"bo-nguon-thuy-luc-mini-ban-nang-220v-0-75kw-380v-1-5kw-3kw","status":"publish","type":"product","link":"http:\/\/thuyluccongnghiep.com\/index.php\/san-pham\/bo-nguon-thuy-luc-mini-ban-nang-220v-0-75kw-380v-1-5kw-3kw\/","title":{"rendered":"B\u1ed9 ngu\u1ed3n th\u1ee7y l\u1ef1c mini b\u00e0n n\u00e2ng 220V 0.75kw , 380V 1.5kw 3kw"},"content":{"rendered":"<h3>B\u1ed9 ngu\u1ed3n mini 220v 0.75 kw , 380V 1.5kw 3kw \u00a0\u0111\u01b0\u1ee3c t\u00edch h\u1ee3p s\u1eb5n <b>b\u01a1m<\/b>, van, \u0111\u1ed9ng c\u01a1 ,th\u00f9ng d\u1ea7u , .<\/h3>\n<h3>Chuy\u00ean d\u00f9ng cho b\u00e0n n\u00e2ng nh\u00e0 x\u01b0\u1edfng , m\u00e1y \u00e9p lo\u1ea1i nh\u1ecf , thi\u1ebft b\u1ecb th\u1ee7y l\u1ef1c nh\u00e0 d\u00e2n.<\/h3>\n<h3>Ngu\u1ed3n : 220V ,380V<\/h3>\n<h3>\u0110\u1ed9ng c\u01a1: 0.75 kw<\/h3>\n<h3>B\u01a1m : 1,5cc\/v, \u00a02.6 cc\/v , 4.0 cc\/v<\/h3>\n<h3>Van \u0111i\u1ec7n 220V: \u00a0Oleoweb &#8211;\u00a0Italia.<\/h3>\n<h3>Th\u00f9ng d\u1ea7u: 5 l\u00edt , 6 l\u00edt , 8 l\u00edt<\/h3>\n<h3><\/h3>\n<h3>M\u1ea1ch l\u00e0m vi\u1ec7c :<\/h3>\n<h3><img loading=\"lazy\" decoding=\"async\" class=\"alignnone size-full wp-image-63\" src=\"http:\/\/thuyluccongnghiep.com\/wp-content\/uploads\/2016\/09\/mach-bo-nguon-buong-nang.jpg\" alt=\"mach-bo-nguon-buong-nang\" width=\"450\" height=\"434\" srcset=\"http:\/\/thuyluccongnghiep.com\/wp-content\/uploads\/2016\/09\/mach-bo-nguon-buong-nang.jpg 450w, http:\/\/thuyluccongnghiep.com\/wp-content\/uploads\/2016\/09\/mach-bo-nguon-buong-nang-300x289.jpg 300w\" sizes=\"auto, (max-width: 450px) 100vw, 450px\" \/><\/h3>\n<h3>\u1ee8ng d\u1ee5ng:<\/h3>\n<h3><img loading=\"lazy\" decoding=\"async\" class=\"alignnone size-full wp-image-84\" src=\"http:\/\/thuyluccongnghiep.com\/wp-content\/uploads\/2016\/09\/san-nang.jpg\" alt=\"san-nang\" width=\"609\" height=\"600\" srcset=\"http:\/\/thuyluccongnghiep.com\/wp-content\/uploads\/2016\/09\/san-nang.jpg 609w, http:\/\/thuyluccongnghiep.com\/wp-content\/uploads\/2016\/09\/san-nang-100x100.jpg 100w, http:\/\/thuyluccongnghiep.com\/wp-content\/uploads\/2016\/09\/san-nang-548x540.jpg 548w, http:\/\/thuyluccongnghiep.com\/wp-content\/uploads\/2016\/09\/san-nang-300x296.jpg 300w\" sizes=\"auto, (max-width: 609px) 100vw, 609px\" \/><\/h3>\n<h3>H\u00ecnh \u1ea3nh th\u1ef1c t\u1ebf<\/h3>\n<h3><img loading=\"lazy\" decoding=\"async\" class=\"alignnone size-full wp-image-85\" src=\"http:\/\/thuyluccongnghiep.com\/wp-content\/uploads\/2016\/09\/bn-1.jpg\" alt=\"bn-1\" width=\"640\" height=\"480\" srcset=\"http:\/\/thuyluccongnghiep.com\/wp-content\/uploads\/2016\/09\/bn-1.jpg 640w, http:\/\/thuyluccongnghiep.com\/wp-content\/uploads\/2016\/09\/bn-1-548x411.jpg 548w, http:\/\/thuyluccongnghiep.com\/wp-content\/uploads\/2016\/09\/bn-1-300x225.jpg 300w\" sizes=\"auto, (max-width: 640px) 100vw, 640px\" \/><\/h3>\n<h3 class=\"raovat_technical\"><\/h3>\n","protected":false},"excerpt":{"rendered":"<p>B\u1ed9 ngu\u1ed3n mini 220v 0.75 kw , 380V 1.5kw 3kw \u00a0\u0111\u01b0\u1ee3c t\u00edch h\u1ee3p s\u1eb5n b\u01a1m, van, \u0111\u1ed9ng c\u01a1 ,th\u00f9ng d\u1ea7u , . Chuy\u00ean d\u00f9ng cho b\u00e0n n\u00e2ng nh\u00e0 x\u01b0\u1edfng , m\u00e1y \u00e9p lo\u1ea1i nh\u1ecf , thi\u1ebft b\u1ecb th\u1ee7y l\u1ef1c nh\u00e0 d\u00e2n. Ngu\u1ed3n : 220V ,380V \u0110\u1ed9ng c\u01a1: 0.75 kw B\u01a1m&hellip; <\/p>\n","protected":false},"featured_media":738,"template":"","meta":[],"product_cat":[7,8],"product_tag":[21],"class_list":["post-83","product","type-product","status-publish","has-post-thumbnail","hentry","product_cat-bo-nguon-mini","product_cat-san-pham-ban-chay","product_tag-san-nang"],"yoast_head":"<!-- This site is optimized with the Yoast SEO plugin v19.8 - https:\/\/yoast.com\/wordpress\/plugins\/seo\/ -->\n<title>B\u1ed9 ngu\u1ed3n th\u1ee7y l\u1ef1c mini b\u00e0n n\u00e2ng 220V 0.75kw , 380V 1.5kw 3kw - TH\u1ee6Y L\u1ef0C MINH \u0110\u1ee8C<\/title>\n<meta name=\"robots\" content=\"index, follow, max-snippet:-1, max-image-preview:large, max-video-preview:-1\" \/>\n<link rel=\"canonical\" href=\"http:\/\/thuyluccongnghiep.com\/index.php\/san-pham\/bo-nguon-thuy-luc-mini-ban-nang-220v-0-75kw-380v-1-5kw-3kw\/\" \/>\n<meta property=\"og:locale\" content=\"vi_VN\" \/>\n<meta property=\"og:type\" content=\"article\" \/>\n<meta property=\"og:title\" content=\"B\u1ed9 ngu\u1ed3n th\u1ee7y l\u1ef1c mini b\u00e0n n\u00e2ng 220V 0.75kw , 380V 1.5kw 3kw - TH\u1ee6Y L\u1ef0C MINH \u0110\u1ee8C\" \/>\n<meta property=\"og:description\" content=\"B\u1ed9 ngu\u1ed3n mini 220v 0.75 kw , 380V 1.5kw 3kw \u00a0\u0111\u01b0\u1ee3c t\u00edch h\u1ee3p s\u1eb5n b\u01a1m, van, \u0111\u1ed9ng c\u01a1 ,th\u00f9ng d\u1ea7u , . Chuy\u00ean d\u00f9ng cho b\u00e0n n\u00e2ng nh\u00e0 x\u01b0\u1edfng , m\u00e1y \u00e9p lo\u1ea1i nh\u1ecf , thi\u1ebft b\u1ecb th\u1ee7y l\u1ef1c nh\u00e0 d\u00e2n. Ngu\u1ed3n : 220V ,380V \u0110\u1ed9ng c\u01a1: 0.75 kw B\u01a1m&hellip;\" \/>\n<meta property=\"og:url\" content=\"http:\/\/thuyluccongnghiep.com\/index.php\/san-pham\/bo-nguon-thuy-luc-mini-ban-nang-220v-0-75kw-380v-1-5kw-3kw\/\" \/>\n<meta property=\"og:site_name\" content=\"TH\u1ee6Y L\u1ef0C MINH \u0110\u1ee8C\" \/>\n<meta property=\"article:modified_time\" content=\"2024-11-07T06:19:00+00:00\" \/>\n<meta property=\"og:image\" content=\"http:\/\/thuyluccongnghiep.com\/wp-content\/uploads\/2016\/09\/2-1.jpg\" \/>\n\t<meta property=\"og:image:width\" content=\"310\" \/>\n\t<meta property=\"og:image:height\" content=\"415\" \/>\n\t<meta property=\"og:image:type\" content=\"image\/jpeg\" \/>\n<meta name=\"twitter:card\" content=\"summary_large_image\" \/>\n<meta name=\"twitter:label1\" content=\"\u01af\u1edbc t\u00ednh th\u1eddi gian \u0111\u1ecdc\" \/>\n\t<meta name=\"twitter:data1\" content=\"1 ph\u00fat\" \/>\n<script type=\"application\/ld+json\" class=\"yoast-schema-graph\">{\"@context\":\"https:\/\/schema.org\",\"@graph\":[{\"@type\":\"WebPage\",\"@id\":\"http:\/\/thuyluccongnghiep.com\/index.php\/san-pham\/bo-nguon-thuy-luc-mini-ban-nang-220v-0-75kw-380v-1-5kw-3kw\/\",\"url\":\"http:\/\/thuyluccongnghiep.com\/index.php\/san-pham\/bo-nguon-thuy-luc-mini-ban-nang-220v-0-75kw-380v-1-5kw-3kw\/\",\"name\":\"B\u1ed9 ngu\u1ed3n th\u1ee7y l\u1ef1c mini b\u00e0n n\u00e2ng 220V 0.75kw , 380V 1.5kw 3kw - TH\u1ee6Y L\u1ef0C MINH \u0110\u1ee8C\",\"isPartOf\":{\"@id\":\"https:\/\/thuyluccongnghiep.com\/#website\"},\"datePublished\":\"2016-09-24T16:34:59+00:00\",\"dateModified\":\"2024-11-07T06:19:00+00:00\",\"breadcrumb\":{\"@id\":\"http:\/\/thuyluccongnghiep.com\/index.php\/san-pham\/bo-nguon-thuy-luc-mini-ban-nang-220v-0-75kw-380v-1-5kw-3kw\/#breadcrumb\"},\"inLanguage\":\"vi\",\"potentialAction\":[{\"@type\":\"ReadAction\",\"target\":[\"http:\/\/thuyluccongnghiep.com\/index.php\/san-pham\/bo-nguon-thuy-luc-mini-ban-nang-220v-0-75kw-380v-1-5kw-3kw\/\"]}]},{\"@type\":\"BreadcrumbList\",\"@id\":\"http:\/\/thuyluccongnghiep.com\/index.php\/san-pham\/bo-nguon-thuy-luc-mini-ban-nang-220v-0-75kw-380v-1-5kw-3kw\/#breadcrumb\",\"itemListElement\":[{\"@type\":\"ListItem\",\"position\":1,\"name\":\"Home\",\"item\":\"https:\/\/thuyluccongnghiep.com\/\"},{\"@type\":\"ListItem\",\"position\":2,\"name\":\"C\u1eeda h\u00e0ng\",\"item\":\"https:\/\/thuyluccongnghiep.com\/\"},{\"@type\":\"ListItem\",\"position\":3,\"name\":\"B\u1ed9 ngu\u1ed3n th\u1ee7y l\u1ef1c mini b\u00e0n n\u00e2ng 220V 0.75kw , 380V 1.5kw 3kw\"}]},{\"@type\":\"WebSite\",\"@id\":\"https:\/\/thuyluccongnghiep.com\/#website\",\"url\":\"https:\/\/thuyluccongnghiep.com\/\",\"name\":\"TH\u1ee6Y L\u1ef0C MINH \u0110\u1ee8C\",\"description\":\"Uy T\u00edn- T\u1eadn T\u00e2m - CHuy\u00ean Nghi\u1ec7p\",\"publisher\":{\"@id\":\"https:\/\/thuyluccongnghiep.com\/#organization\"},\"potentialAction\":[{\"@type\":\"SearchAction\",\"target\":{\"@type\":\"EntryPoint\",\"urlTemplate\":\"https:\/\/thuyluccongnghiep.com\/?s={search_term_string}\"},\"query-input\":\"required name=search_term_string\"}],\"inLanguage\":\"vi\"},{\"@type\":\"Organization\",\"@id\":\"https:\/\/thuyluccongnghiep.com\/#organization\",\"name\":\"TH\u1ee6Y L\u1ef0C MINH \u0110\u1ee8C\",\"url\":\"https:\/\/thuyluccongnghiep.com\/\",\"sameAs\":[],\"logo\":{\"@type\":\"ImageObject\",\"inLanguage\":\"vi\",\"@id\":\"https:\/\/thuyluccongnghiep.com\/#\/schema\/logo\/image\/\",\"url\":\"http:\/\/thuyluccongnghiep.com\/wp-content\/uploads\/2020\/04\/cropped-Logo1.jpg\",\"contentUrl\":\"http:\/\/thuyluccongnghiep.com\/wp-content\/uploads\/2020\/04\/cropped-Logo1.jpg\",\"width\":203,\"height\":203,\"caption\":\"TH\u1ee6Y L\u1ef0C MINH \u0110\u1ee8C\"},\"image\":{\"@id\":\"https:\/\/thuyluccongnghiep.com\/#\/schema\/logo\/image\/\"}}]}<\/script>\n<!-- \/ Yoast SEO plugin. -->","yoast_head_json":{"title":"B\u1ed9 ngu\u1ed3n th\u1ee7y l\u1ef1c mini b\u00e0n n\u00e2ng 220V 0.75kw , 380V 1.5kw 3kw - TH\u1ee6Y L\u1ef0C MINH \u0110\u1ee8C","robots":{"index":"index","follow":"follow","max-snippet":"max-snippet:-1","max-image-preview":"max-image-preview:large","max-video-preview":"max-video-preview:-1"},"canonical":"http:\/\/thuyluccongnghiep.com\/index.php\/san-pham\/bo-nguon-thuy-luc-mini-ban-nang-220v-0-75kw-380v-1-5kw-3kw\/","og_locale":"vi_VN","og_type":"article","og_title":"B\u1ed9 ngu\u1ed3n th\u1ee7y l\u1ef1c mini b\u00e0n n\u00e2ng 220V 0.75kw , 380V 1.5kw 3kw - TH\u1ee6Y L\u1ef0C MINH \u0110\u1ee8C","og_description":"B\u1ed9 ngu\u1ed3n mini 220v 0.75 kw , 380V 1.5kw 3kw \u00a0\u0111\u01b0\u1ee3c t\u00edch h\u1ee3p s\u1eb5n b\u01a1m, van, \u0111\u1ed9ng c\u01a1 ,th\u00f9ng d\u1ea7u , . Chuy\u00ean d\u00f9ng cho b\u00e0n n\u00e2ng nh\u00e0 x\u01b0\u1edfng , m\u00e1y \u00e9p lo\u1ea1i nh\u1ecf , thi\u1ebft b\u1ecb th\u1ee7y l\u1ef1c nh\u00e0 d\u00e2n. Ngu\u1ed3n : 220V ,380V \u0110\u1ed9ng c\u01a1: 0.75 kw B\u01a1m&hellip;","og_url":"http:\/\/thuyluccongnghiep.com\/index.php\/san-pham\/bo-nguon-thuy-luc-mini-ban-nang-220v-0-75kw-380v-1-5kw-3kw\/","og_site_name":"TH\u1ee6Y L\u1ef0C MINH \u0110\u1ee8C","article_modified_time":"2024-11-07T06:19:00+00:00","og_image":[{"width":310,"height":415,"url":"http:\/\/thuyluccongnghiep.com\/wp-content\/uploads\/2016\/09\/2-1.jpg","type":"image\/jpeg"}],"twitter_card":"summary_large_image","twitter_misc":{"\u01af\u1edbc t\u00ednh th\u1eddi gian \u0111\u1ecdc":"1 ph\u00fat"},"schema":{"@context":"https:\/\/schema.org","@graph":[{"@type":"WebPage","@id":"http:\/\/thuyluccongnghiep.com\/index.php\/san-pham\/bo-nguon-thuy-luc-mini-ban-nang-220v-0-75kw-380v-1-5kw-3kw\/","url":"http:\/\/thuyluccongnghiep.com\/index.php\/san-pham\/bo-nguon-thuy-luc-mini-ban-nang-220v-0-75kw-380v-1-5kw-3kw\/","name":"B\u1ed9 ngu\u1ed3n th\u1ee7y l\u1ef1c mini b\u00e0n n\u00e2ng 220V 0.75kw , 380V 1.5kw 3kw - TH\u1ee6Y L\u1ef0C MINH \u0110\u1ee8C","isPartOf":{"@id":"https:\/\/thuyluccongnghiep.com\/#website"},"datePublished":"2016-09-24T16:34:59+00:00","dateModified":"2024-11-07T06:19:00+00:00","breadcrumb":{"@id":"http:\/\/thuyluccongnghiep.com\/index.php\/san-pham\/bo-nguon-thuy-luc-mini-ban-nang-220v-0-75kw-380v-1-5kw-3kw\/#breadcrumb"},"inLanguage":"vi","potentialAction":[{"@type":"ReadAction","target":["http:\/\/thuyluccongnghiep.com\/index.php\/san-pham\/bo-nguon-thuy-luc-mini-ban-nang-220v-0-75kw-380v-1-5kw-3kw\/"]}]},{"@type":"BreadcrumbList","@id":"http:\/\/thuyluccongnghiep.com\/index.php\/san-pham\/bo-nguon-thuy-luc-mini-ban-nang-220v-0-75kw-380v-1-5kw-3kw\/#breadcrumb","itemListElement":[{"@type":"ListItem","position":1,"name":"Home","item":"https:\/\/thuyluccongnghiep.com\/"},{"@type":"ListItem","position":2,"name":"C\u1eeda h\u00e0ng","item":"https:\/\/thuyluccongnghiep.com\/"},{"@type":"ListItem","position":3,"name":"B\u1ed9 ngu\u1ed3n th\u1ee7y l\u1ef1c mini b\u00e0n n\u00e2ng 220V 0.75kw , 380V 1.5kw 3kw"}]},{"@type":"WebSite","@id":"https:\/\/thuyluccongnghiep.com\/#website","url":"https:\/\/thuyluccongnghiep.com\/","name":"TH\u1ee6Y L\u1ef0C MINH \u0110\u1ee8C","description":"Uy T\u00edn- T\u1eadn T\u00e2m - CHuy\u00ean Nghi\u1ec7p","publisher":{"@id":"https:\/\/thuyluccongnghiep.com\/#organization"},"potentialAction":[{"@type":"SearchAction","target":{"@type":"EntryPoint","urlTemplate":"https:\/\/thuyluccongnghiep.com\/?s={search_term_string}"},"query-input":"required name=search_term_string"}],"inLanguage":"vi"},{"@type":"Organization","@id":"https:\/\/thuyluccongnghiep.com\/#organization","name":"TH\u1ee6Y L\u1ef0C MINH \u0110\u1ee8C","url":"https:\/\/thuyluccongnghiep.com\/","sameAs":[],"logo":{"@type":"ImageObject","inLanguage":"vi","@id":"https:\/\/thuyluccongnghiep.com\/#\/schema\/logo\/image\/","url":"http:\/\/thuyluccongnghiep.com\/wp-content\/uploads\/2020\/04\/cropped-Logo1.jpg","contentUrl":"http:\/\/thuyluccongnghiep.com\/wp-content\/uploads\/2020\/04\/cropped-Logo1.jpg","width":203,"height":203,"caption":"TH\u1ee6Y L\u1ef0C MINH \u0110\u1ee8C"},"image":{"@id":"https:\/\/thuyluccongnghiep.com\/#\/schema\/logo\/image\/"}}]}},"_links":{"self":[{"href":"http:\/\/thuyluccongnghiep.com\/index.php\/wp-json\/wp\/v2\/product\/83","targetHints":{"allow":["GET"]}}],"collection":[{"href":"http:\/\/thuyluccongnghiep.com\/index.php\/wp-json\/wp\/v2\/product"}],"about":[{"href":"http:\/\/thuyluccongnghiep.com\/index.php\/wp-json\/wp\/v2\/types\/product"}],"wp:featuredmedia":[{"embeddable":true,"href":"http:\/\/thuyluccongnghiep.com\/index.php\/wp-json\/wp\/v2\/media\/738"}],"wp:attachment":[{"href":"http:\/\/thuyluccongnghiep.com\/index.php\/wp-json\/wp\/v2\/media?parent=83"}],"wp:term":[{"taxonomy":"product_cat","embeddable":true,"href":"http:\/\/thuyluccongnghiep.com\/index.php\/wp-json\/wp\/v2\/product_cat?post=83"},{"taxonomy":"product_tag","embeddable":true,"href":"http:\/\/thuyluccongnghiep.com\/index.php\/wp-json\/wp\/v2\/product_tag?post=83"}],"curies":[{"name":"wp","href":"https:\/\/api.w.org\/{rel}","templated":true}]}}