{"id":680,"date":"2023-07-05T11:59:16","date_gmt":"2023-07-05T04:59:16","guid":{"rendered":"http:\/\/thuyluccongnghiep.com\/?post_type=product&#038;p=680"},"modified":"2025-10-10T16:00:24","modified_gmt":"2025-10-10T09:00:24","slug":"bo-nguon-thuy-luc-rexroth-mini-buong-nang-bung-nang-12v-24v","status":"publish","type":"product","link":"http:\/\/thuyluccongnghiep.com\/index.php\/san-pham\/bo-nguon-thuy-luc-rexroth-mini-buong-nang-bung-nang-12v-24v\/","title":{"rendered":"B\u1ed9 ngu\u1ed3n th\u1ee7y l\u1ef1c Rexroth mini b\u01b0\u1edfng n\u00e2ng ( b\u1eedng n\u00e2ng ) 12V, 24V"},"content":{"rendered":"<p>B\u1ed9 ngu\u1ed3n b\u01b0\u1edfng n\u00e2ng ( b\u1eedng n\u00e2ng ) 12V, 24V<\/p>\n<p>Xu\u1ea5t x\u1ee9 : Rexroth\u00a0 Italy<\/p>\n<p>\u0110\u1ed9ng c\u01a1 : 12V 1.6kw\u00a0 ho\u1eb7c 24V 2.2kw<\/p>\n<p>Th\u00f9ng d\u1ea7u : 7 l\u00edt<\/p>\n<p>\u1ee8ng d\u1ee5ng : b\u01b0\u1edfng n\u00e2ng ( b\u1eedng n\u00e2ng ) cho xe chuy\u00ean d\u1ee5ng , xe n\u00e2ng , n\u00e2ng h\u00e0ng trong nh\u00e0 x\u01b0\u1edfng ,&#8230; cho c\u00e1c \u1ee9ng d\u1ee5ng 1 chi\u1ec1u DC<\/p>\n<p>&nbsp;<\/p>\n","protected":false},"excerpt":{"rendered":"<p>B\u1ed9 ngu\u1ed3n b\u01b0\u1edfng n\u00e2ng ( b\u1eedng n\u00e2ng ) 12V, 24V Xu\u1ea5t x\u1ee9 : Rexroth\u00a0 Italy \u0110\u1ed9ng c\u01a1 : 12V 1.6kw\u00a0 ho\u1eb7c 24V 2.2kw Th\u00f9ng d\u1ea7u : 7 l\u00edt \u1ee8ng d\u1ee5ng : b\u01b0\u1edfng n\u00e2ng ( b\u1eedng n\u00e2ng ) cho xe chuy\u00ean d\u1ee5ng , xe n\u00e2ng , n\u00e2ng h\u00e0ng trong nh\u00e0 x\u01b0\u1edfng&hellip; <\/p>\n","protected":false},"featured_media":683,"template":"","meta":[],"product_cat":[7],"product_tag":[],"class_list":["post-680","product","type-product","status-publish","has-post-thumbnail","hentry","product_cat-bo-nguon-mini"],"yoast_head":"<!-- This site is optimized with the Yoast SEO plugin v19.8 - https:\/\/yoast.com\/wordpress\/plugins\/seo\/ -->\n<title>B\u1ed9 ngu\u1ed3n th\u1ee7y l\u1ef1c Rexroth mini b\u01b0\u1edfng n\u00e2ng ( b\u1eedng n\u00e2ng ) 12V, 24V - TH\u1ee6Y L\u1ef0C MINH \u0110\u1ee8C<\/title>\n<meta name=\"robots\" content=\"index, follow, max-snippet:-1, max-image-preview:large, max-video-preview:-1\" \/>\n<link rel=\"canonical\" href=\"http:\/\/thuyluccongnghiep.com\/index.php\/san-pham\/bo-nguon-thuy-luc-rexroth-mini-buong-nang-bung-nang-12v-24v\/\" \/>\n<meta property=\"og:locale\" content=\"vi_VN\" \/>\n<meta property=\"og:type\" content=\"article\" \/>\n<meta property=\"og:title\" content=\"B\u1ed9 ngu\u1ed3n th\u1ee7y l\u1ef1c 12V 24V Bosch Rexroth\" \/>\n<meta property=\"og:description\" content=\"B\u1ed9 ngu\u1ed3n th\u1ee7y l\u1ef1c 12V 24V Bosch Rexroth d\u00f9ng cho \u1ee9ng d\u1ee5ng b\u01b0\u1edfng n\u00e2ng, b\u1eedng n\u00e2ng h\u1ea1\" \/>\n<meta property=\"og:url\" content=\"http:\/\/thuyluccongnghiep.com\/index.php\/san-pham\/bo-nguon-thuy-luc-rexroth-mini-buong-nang-bung-nang-12v-24v\/\" \/>\n<meta property=\"og:site_name\" content=\"TH\u1ee6Y L\u1ef0C MINH \u0110\u1ee8C\" \/>\n<meta property=\"article:modified_time\" content=\"2025-10-10T09:00:24+00:00\" \/>\n<meta property=\"og:image\" content=\"http:\/\/thuyluccongnghiep.com\/wp-content\/uploads\/2020\/04\/Logo1.jpg\" \/>\n\t<meta property=\"og:image:width\" content=\"217\" \/>\n\t<meta property=\"og:image:height\" content=\"203\" \/>\n\t<meta property=\"og:image:type\" content=\"image\/jpeg\" \/>\n<meta name=\"twitter:card\" content=\"summary_large_image\" \/>\n<meta name=\"twitter:label1\" content=\"\u01af\u1edbc t\u00ednh th\u1eddi gian \u0111\u1ecdc\" \/>\n\t<meta name=\"twitter:data1\" content=\"1 ph\u00fat\" \/>\n<script type=\"application\/ld+json\" class=\"yoast-schema-graph\">{\"@context\":\"https:\/\/schema.org\",\"@graph\":[{\"@type\":\"WebPage\",\"@id\":\"http:\/\/thuyluccongnghiep.com\/index.php\/san-pham\/bo-nguon-thuy-luc-rexroth-mini-buong-nang-bung-nang-12v-24v\/\",\"url\":\"http:\/\/thuyluccongnghiep.com\/index.php\/san-pham\/bo-nguon-thuy-luc-rexroth-mini-buong-nang-bung-nang-12v-24v\/\",\"name\":\"B\u1ed9 ngu\u1ed3n th\u1ee7y l\u1ef1c Rexroth mini b\u01b0\u1edfng n\u00e2ng ( b\u1eedng n\u00e2ng ) 12V, 24V - TH\u1ee6Y L\u1ef0C MINH \u0110\u1ee8C\",\"isPartOf\":{\"@id\":\"https:\/\/thuyluccongnghiep.com\/#website\"},\"datePublished\":\"2023-07-05T04:59:16+00:00\",\"dateModified\":\"2025-10-10T09:00:24+00:00\",\"breadcrumb\":{\"@id\":\"http:\/\/thuyluccongnghiep.com\/index.php\/san-pham\/bo-nguon-thuy-luc-rexroth-mini-buong-nang-bung-nang-12v-24v\/#breadcrumb\"},\"inLanguage\":\"vi\",\"potentialAction\":[{\"@type\":\"ReadAction\",\"target\":[\"http:\/\/thuyluccongnghiep.com\/index.php\/san-pham\/bo-nguon-thuy-luc-rexroth-mini-buong-nang-bung-nang-12v-24v\/\"]}]},{\"@type\":\"BreadcrumbList\",\"@id\":\"http:\/\/thuyluccongnghiep.com\/index.php\/san-pham\/bo-nguon-thuy-luc-rexroth-mini-buong-nang-bung-nang-12v-24v\/#breadcrumb\",\"itemListElement\":[{\"@type\":\"ListItem\",\"position\":1,\"name\":\"Home\",\"item\":\"https:\/\/thuyluccongnghiep.com\/\"},{\"@type\":\"ListItem\",\"position\":2,\"name\":\"C\u1eeda h\u00e0ng\",\"item\":\"https:\/\/thuyluccongnghiep.com\/\"},{\"@type\":\"ListItem\",\"position\":3,\"name\":\"B\u1ed9 ngu\u1ed3n th\u1ee7y l\u1ef1c Rexroth mini b\u01b0\u1edfng n\u00e2ng ( b\u1eedng n\u00e2ng ) 12V, 24V\"}]},{\"@type\":\"WebSite\",\"@id\":\"https:\/\/thuyluccongnghiep.com\/#website\",\"url\":\"https:\/\/thuyluccongnghiep.com\/\",\"name\":\"TH\u1ee6Y L\u1ef0C MINH \u0110\u1ee8C\",\"description\":\"Uy T\u00edn- T\u1eadn T\u00e2m - CHuy\u00ean Nghi\u1ec7p\",\"publisher\":{\"@id\":\"https:\/\/thuyluccongnghiep.com\/#organization\"},\"potentialAction\":[{\"@type\":\"SearchAction\",\"target\":{\"@type\":\"EntryPoint\",\"urlTemplate\":\"https:\/\/thuyluccongnghiep.com\/?s={search_term_string}\"},\"query-input\":\"required name=search_term_string\"}],\"inLanguage\":\"vi\"},{\"@type\":\"Organization\",\"@id\":\"https:\/\/thuyluccongnghiep.com\/#organization\",\"name\":\"TH\u1ee6Y L\u1ef0C MINH \u0110\u1ee8C\",\"url\":\"https:\/\/thuyluccongnghiep.com\/\",\"sameAs\":[],\"logo\":{\"@type\":\"ImageObject\",\"inLanguage\":\"vi\",\"@id\":\"https:\/\/thuyluccongnghiep.com\/#\/schema\/logo\/image\/\",\"url\":\"http:\/\/thuyluccongnghiep.com\/wp-content\/uploads\/2020\/04\/cropped-Logo1.jpg\",\"contentUrl\":\"http:\/\/thuyluccongnghiep.com\/wp-content\/uploads\/2020\/04\/cropped-Logo1.jpg\",\"width\":203,\"height\":203,\"caption\":\"TH\u1ee6Y L\u1ef0C MINH \u0110\u1ee8C\"},\"image\":{\"@id\":\"https:\/\/thuyluccongnghiep.com\/#\/schema\/logo\/image\/\"}}]}<\/script>\n<!-- \/ Yoast SEO plugin. -->","yoast_head_json":{"title":"B\u1ed9 ngu\u1ed3n th\u1ee7y l\u1ef1c Rexroth mini b\u01b0\u1edfng n\u00e2ng ( b\u1eedng n\u00e2ng ) 12V, 24V - TH\u1ee6Y L\u1ef0C MINH \u0110\u1ee8C","robots":{"index":"index","follow":"follow","max-snippet":"max-snippet:-1","max-image-preview":"max-image-preview:large","max-video-preview":"max-video-preview:-1"},"canonical":"http:\/\/thuyluccongnghiep.com\/index.php\/san-pham\/bo-nguon-thuy-luc-rexroth-mini-buong-nang-bung-nang-12v-24v\/","og_locale":"vi_VN","og_type":"article","og_title":"B\u1ed9 ngu\u1ed3n th\u1ee7y l\u1ef1c 12V 24V Bosch Rexroth","og_description":"B\u1ed9 ngu\u1ed3n th\u1ee7y l\u1ef1c 12V 24V Bosch Rexroth d\u00f9ng cho \u1ee9ng d\u1ee5ng b\u01b0\u1edfng n\u00e2ng, b\u1eedng n\u00e2ng h\u1ea1","og_url":"http:\/\/thuyluccongnghiep.com\/index.php\/san-pham\/bo-nguon-thuy-luc-rexroth-mini-buong-nang-bung-nang-12v-24v\/","og_site_name":"TH\u1ee6Y L\u1ef0C MINH \u0110\u1ee8C","article_modified_time":"2025-10-10T09:00:24+00:00","og_image":[{"width":217,"height":203,"url":"http:\/\/thuyluccongnghiep.com\/wp-content\/uploads\/2020\/04\/Logo1.jpg","type":"image\/jpeg"}],"twitter_card":"summary_large_image","twitter_misc":{"\u01af\u1edbc t\u00ednh th\u1eddi gian \u0111\u1ecdc":"1 ph\u00fat"},"schema":{"@context":"https:\/\/schema.org","@graph":[{"@type":"WebPage","@id":"http:\/\/thuyluccongnghiep.com\/index.php\/san-pham\/bo-nguon-thuy-luc-rexroth-mini-buong-nang-bung-nang-12v-24v\/","url":"http:\/\/thuyluccongnghiep.com\/index.php\/san-pham\/bo-nguon-thuy-luc-rexroth-mini-buong-nang-bung-nang-12v-24v\/","name":"B\u1ed9 ngu\u1ed3n th\u1ee7y l\u1ef1c Rexroth mini b\u01b0\u1edfng n\u00e2ng ( b\u1eedng n\u00e2ng ) 12V, 24V - TH\u1ee6Y L\u1ef0C MINH \u0110\u1ee8C","isPartOf":{"@id":"https:\/\/thuyluccongnghiep.com\/#website"},"datePublished":"2023-07-05T04:59:16+00:00","dateModified":"2025-10-10T09:00:24+00:00","breadcrumb":{"@id":"http:\/\/thuyluccongnghiep.com\/index.php\/san-pham\/bo-nguon-thuy-luc-rexroth-mini-buong-nang-bung-nang-12v-24v\/#breadcrumb"},"inLanguage":"vi","potentialAction":[{"@type":"ReadAction","target":["http:\/\/thuyluccongnghiep.com\/index.php\/san-pham\/bo-nguon-thuy-luc-rexroth-mini-buong-nang-bung-nang-12v-24v\/"]}]},{"@type":"BreadcrumbList","@id":"http:\/\/thuyluccongnghiep.com\/index.php\/san-pham\/bo-nguon-thuy-luc-rexroth-mini-buong-nang-bung-nang-12v-24v\/#breadcrumb","itemListElement":[{"@type":"ListItem","position":1,"name":"Home","item":"https:\/\/thuyluccongnghiep.com\/"},{"@type":"ListItem","position":2,"name":"C\u1eeda h\u00e0ng","item":"https:\/\/thuyluccongnghiep.com\/"},{"@type":"ListItem","position":3,"name":"B\u1ed9 ngu\u1ed3n th\u1ee7y l\u1ef1c Rexroth mini b\u01b0\u1edfng n\u00e2ng ( b\u1eedng n\u00e2ng ) 12V, 24V"}]},{"@type":"WebSite","@id":"https:\/\/thuyluccongnghiep.com\/#website","url":"https:\/\/thuyluccongnghiep.com\/","name":"TH\u1ee6Y L\u1ef0C MINH \u0110\u1ee8C","description":"Uy T\u00edn- T\u1eadn T\u00e2m - CHuy\u00ean Nghi\u1ec7p","publisher":{"@id":"https:\/\/thuyluccongnghiep.com\/#organization"},"potentialAction":[{"@type":"SearchAction","target":{"@type":"EntryPoint","urlTemplate":"https:\/\/thuyluccongnghiep.com\/?s={search_term_string}"},"query-input":"required name=search_term_string"}],"inLanguage":"vi"},{"@type":"Organization","@id":"https:\/\/thuyluccongnghiep.com\/#organization","name":"TH\u1ee6Y L\u1ef0C MINH \u0110\u1ee8C","url":"https:\/\/thuyluccongnghiep.com\/","sameAs":[],"logo":{"@type":"ImageObject","inLanguage":"vi","@id":"https:\/\/thuyluccongnghiep.com\/#\/schema\/logo\/image\/","url":"http:\/\/thuyluccongnghiep.com\/wp-content\/uploads\/2020\/04\/cropped-Logo1.jpg","contentUrl":"http:\/\/thuyluccongnghiep.com\/wp-content\/uploads\/2020\/04\/cropped-Logo1.jpg","width":203,"height":203,"caption":"TH\u1ee6Y L\u1ef0C MINH \u0110\u1ee8C"},"image":{"@id":"https:\/\/thuyluccongnghiep.com\/#\/schema\/logo\/image\/"}}]}},"_links":{"self":[{"href":"http:\/\/thuyluccongnghiep.com\/index.php\/wp-json\/wp\/v2\/product\/680","targetHints":{"allow":["GET"]}}],"collection":[{"href":"http:\/\/thuyluccongnghiep.com\/index.php\/wp-json\/wp\/v2\/product"}],"about":[{"href":"http:\/\/thuyluccongnghiep.com\/index.php\/wp-json\/wp\/v2\/types\/product"}],"wp:featuredmedia":[{"embeddable":true,"href":"http:\/\/thuyluccongnghiep.com\/index.php\/wp-json\/wp\/v2\/media\/683"}],"wp:attachment":[{"href":"http:\/\/thuyluccongnghiep.com\/index.php\/wp-json\/wp\/v2\/media?parent=680"}],"wp:term":[{"taxonomy":"product_cat","embeddable":true,"href":"http:\/\/thuyluccongnghiep.com\/index.php\/wp-json\/wp\/v2\/product_cat?post=680"},{"taxonomy":"product_tag","embeddable":true,"href":"http:\/\/thuyluccongnghiep.com\/index.php\/wp-json\/wp\/v2\/product_tag?post=680"}],"curies":[{"name":"wp","href":"https:\/\/api.w.org\/{rel}","templated":true}]}}