{"id":67,"date":"2016-09-22T10:04:37","date_gmt":"2016-09-22T03:04:37","guid":{"rendered":"http:\/\/thuyluccongnghiep.com\/?post_type=product&#038;p=67"},"modified":"2020-04-22T13:27:21","modified_gmt":"2020-04-22T06:27:21","slug":"toi-thuy-luc-4-tan-7-tan-xe-san-truot","status":"publish","type":"product","link":"http:\/\/thuyluccongnghiep.com\/index.php\/san-pham\/toi-thuy-luc-4-tan-7-tan-xe-san-truot\/","title":{"rendered":"T\u1eddi th\u1ee7y l\u1ef1c 7 t\u1ea5n xe s\u00e0n tr\u01b0\u1ee3t 15000LBS"},"content":{"rendered":"<h3>T\u1eddi th\u1ee7y l\u1ef1c :<\/h3>\n<h3>\u1ee8ng d\u1ee5ng : d\u00f9ng cho xe chuy\u00ean d\u00f9ng s\u00e0n tr\u01b0\u1ee3t ch\u1edf <a href=\"http:\/\/www.vatgia.com\/3544\/o-to-xe-may-xe-dap.html\"><b>\u00d4 t\u00f4<\/b><\/a> , &#8230;<\/h3>\n<h3>L\u1ef1c k\u00e9o : 7 T\u1ea5n ( 15000 LBS).<\/h3>\n<h3>L\u01b0u l\u01b0\u1ee3ng max : 60 l\u00edt \/ p<\/h3>\n<h3>\u00c1p su\u1ea5t l\u00e0m vi\u1ec7c : 140 bar<\/h3>\n<h3>L\u01b0u l\u01b0\u1ee3ng ri\u00eang \u0111\u1ed9ng c\u01a1 : 160 cc\/v<\/h3>\n<hr \/>\n<p><a href=\"http:\/\/thuyluccongnghiep.com\/index.php\/san-pham\/toi-thuy-luc-4-tan-7-tan-xe-san-truot\/toi-thuy-luc-6-5-t\/\" rel=\"attachment wp-att-283\"><img loading=\"lazy\" decoding=\"async\" class=\"alignnone size-full wp-image-283\" src=\"http:\/\/thuyluccongnghiep.com\/wp-content\/uploads\/2016\/09\/Toi-thuy-luc-6.5-t.jpg\" alt=\"\" width=\"2016\" height=\"1512\" srcset=\"http:\/\/thuyluccongnghiep.com\/wp-content\/uploads\/2016\/09\/Toi-thuy-luc-6.5-t.jpg 2016w, http:\/\/thuyluccongnghiep.com\/wp-content\/uploads\/2016\/09\/Toi-thuy-luc-6.5-t-548x411.jpg 548w, http:\/\/thuyluccongnghiep.com\/wp-content\/uploads\/2016\/09\/Toi-thuy-luc-6.5-t-150x113.jpg 150w, http:\/\/thuyluccongnghiep.com\/wp-content\/uploads\/2016\/09\/Toi-thuy-luc-6.5-t-300x225.jpg 300w, http:\/\/thuyluccongnghiep.com\/wp-content\/uploads\/2016\/09\/Toi-thuy-luc-6.5-t-768x576.jpg 768w, http:\/\/thuyluccongnghiep.com\/wp-content\/uploads\/2016\/09\/Toi-thuy-luc-6.5-t-1024x768.jpg 1024w\" sizes=\"auto, (max-width: 2016px) 100vw, 2016px\" \/><\/a><\/p>\n<p>&nbsp;<\/p>\n<p><a href=\"http:\/\/thuyluccongnghiep.com\/index.php\/san-pham\/toi-thuy-luc-4-tan-7-tan-xe-san-truot\/attachment\/15000\/\" rel=\"attachment wp-att-207\"><img loading=\"lazy\" decoding=\"async\" class=\"alignnone size-full wp-image-207\" src=\"http:\/\/thuyluccongnghiep.com\/wp-content\/uploads\/2016\/09\/15000.jpg\" alt=\"15000\" width=\"835\" height=\"433\" srcset=\"http:\/\/thuyluccongnghiep.com\/wp-content\/uploads\/2016\/09\/15000.jpg 835w, http:\/\/thuyluccongnghiep.com\/wp-content\/uploads\/2016\/09\/15000-548x284.jpg 548w, http:\/\/thuyluccongnghiep.com\/wp-content\/uploads\/2016\/09\/15000-300x156.jpg 300w, http:\/\/thuyluccongnghiep.com\/wp-content\/uploads\/2016\/09\/15000-768x398.jpg 768w\" sizes=\"auto, (max-width: 835px) 100vw, 835px\" \/><\/a><a href=\"http:\/\/thuyluccongnghiep.com\/index.php\/san-pham\/toi-thuy-luc-4-tan-7-tan-xe-san-truot\/attachment\/201408150827028829\/\" rel=\"attachment wp-att-208\"><img loading=\"lazy\" decoding=\"async\" class=\"alignnone size-full wp-image-208\" src=\"http:\/\/thuyluccongnghiep.com\/wp-content\/uploads\/2016\/09\/201408150827028829.jpg\" alt=\"201408150827028829\" width=\"532\" height=\"488\" srcset=\"http:\/\/thuyluccongnghiep.com\/wp-content\/uploads\/2016\/09\/201408150827028829.jpg 532w, http:\/\/thuyluccongnghiep.com\/wp-content\/uploads\/2016\/09\/201408150827028829-300x275.jpg 300w\" sizes=\"auto, (max-width: 532px) 100vw, 532px\" \/><\/a><\/p>\n<p>&nbsp;<\/p>\n","protected":false},"excerpt":{"rendered":"<p>T\u1eddi th\u1ee7y l\u1ef1c : \u1ee8ng d\u1ee5ng : d\u00f9ng cho xe chuy\u00ean d\u00f9ng s\u00e0n tr\u01b0\u1ee3t ch\u1edf \u00d4 t\u00f4 , &#8230; L\u1ef1c k\u00e9o : 7 T\u1ea5n ( 15000 LBS). L\u01b0u l\u01b0\u1ee3ng max : 60 l\u00edt \/ p \u00c1p su\u1ea5t l\u00e0m vi\u1ec7c : 140 bar L\u01b0u l\u01b0\u1ee3ng ri\u00eang \u0111\u1ed9ng c\u01a1 : 160 cc\/v&hellip; <\/p>\n","protected":false},"featured_media":282,"template":"","meta":[],"product_cat":[14],"product_tag":[],"class_list":["post-67","product","type-product","status-publish","has-post-thumbnail","hentry","product_cat-toi"],"yoast_head":"<!-- This site is optimized with the Yoast SEO plugin v19.8 - https:\/\/yoast.com\/wordpress\/plugins\/seo\/ -->\n<title>T\u1eddi th\u1ee7y l\u1ef1c 7 t\u1ea5n xe s\u00e0n tr\u01b0\u1ee3t 15000LBS - TH\u1ee6Y L\u1ef0C MINH \u0110\u1ee8C<\/title>\n<meta name=\"robots\" content=\"index, follow, max-snippet:-1, max-image-preview:large, max-video-preview:-1\" \/>\n<link rel=\"canonical\" href=\"http:\/\/thuyluccongnghiep.com\/index.php\/san-pham\/toi-thuy-luc-4-tan-7-tan-xe-san-truot\/\" \/>\n<meta property=\"og:locale\" content=\"vi_VN\" \/>\n<meta property=\"og:type\" content=\"article\" \/>\n<meta property=\"og:title\" content=\"T\u1eddi th\u1ee7y l\u1ef1c 7 t\u1ea5n xe s\u00e0n tr\u01b0\u1ee3t 15000LBS - TH\u1ee6Y L\u1ef0C MINH \u0110\u1ee8C\" \/>\n<meta property=\"og:description\" content=\"T\u1eddi th\u1ee7y l\u1ef1c : \u1ee8ng d\u1ee5ng : d\u00f9ng cho xe chuy\u00ean d\u00f9ng s\u00e0n tr\u01b0\u1ee3t ch\u1edf \u00d4 t\u00f4 , &#8230; L\u1ef1c k\u00e9o : 7 T\u1ea5n ( 15000 LBS). L\u01b0u l\u01b0\u1ee3ng max : 60 l\u00edt \/ p \u00c1p su\u1ea5t l\u00e0m vi\u1ec7c : 140 bar L\u01b0u l\u01b0\u1ee3ng ri\u00eang \u0111\u1ed9ng c\u01a1 : 160 cc\/v&hellip;\" \/>\n<meta property=\"og:url\" content=\"http:\/\/thuyluccongnghiep.com\/index.php\/san-pham\/toi-thuy-luc-4-tan-7-tan-xe-san-truot\/\" \/>\n<meta property=\"og:site_name\" content=\"TH\u1ee6Y L\u1ef0C MINH \u0110\u1ee8C\" \/>\n<meta property=\"article:modified_time\" content=\"2020-04-22T06:27:21+00:00\" \/>\n<meta property=\"og:image\" content=\"http:\/\/thuyluccongnghiep.com\/wp-content\/uploads\/2016\/09\/toi-hen.jpg\" \/>\n\t<meta property=\"og:image:width\" content=\"1512\" \/>\n\t<meta property=\"og:image:height\" content=\"2016\" \/>\n\t<meta property=\"og:image:type\" content=\"image\/jpeg\" \/>\n<meta name=\"twitter:card\" content=\"summary_large_image\" \/>\n<script type=\"application\/ld+json\" class=\"yoast-schema-graph\">{\"@context\":\"https:\/\/schema.org\",\"@graph\":[{\"@type\":\"WebPage\",\"@id\":\"http:\/\/thuyluccongnghiep.com\/index.php\/san-pham\/toi-thuy-luc-4-tan-7-tan-xe-san-truot\/\",\"url\":\"http:\/\/thuyluccongnghiep.com\/index.php\/san-pham\/toi-thuy-luc-4-tan-7-tan-xe-san-truot\/\",\"name\":\"T\u1eddi th\u1ee7y l\u1ef1c 7 t\u1ea5n xe s\u00e0n tr\u01b0\u1ee3t 15000LBS - TH\u1ee6Y L\u1ef0C MINH \u0110\u1ee8C\",\"isPartOf\":{\"@id\":\"https:\/\/thuyluccongnghiep.com\/#website\"},\"datePublished\":\"2016-09-22T03:04:37+00:00\",\"dateModified\":\"2020-04-22T06:27:21+00:00\",\"breadcrumb\":{\"@id\":\"http:\/\/thuyluccongnghiep.com\/index.php\/san-pham\/toi-thuy-luc-4-tan-7-tan-xe-san-truot\/#breadcrumb\"},\"inLanguage\":\"vi\",\"potentialAction\":[{\"@type\":\"ReadAction\",\"target\":[\"http:\/\/thuyluccongnghiep.com\/index.php\/san-pham\/toi-thuy-luc-4-tan-7-tan-xe-san-truot\/\"]}]},{\"@type\":\"BreadcrumbList\",\"@id\":\"http:\/\/thuyluccongnghiep.com\/index.php\/san-pham\/toi-thuy-luc-4-tan-7-tan-xe-san-truot\/#breadcrumb\",\"itemListElement\":[{\"@type\":\"ListItem\",\"position\":1,\"name\":\"Home\",\"item\":\"https:\/\/thuyluccongnghiep.com\/\"},{\"@type\":\"ListItem\",\"position\":2,\"name\":\"C\u1eeda h\u00e0ng\",\"item\":\"https:\/\/thuyluccongnghiep.com\/\"},{\"@type\":\"ListItem\",\"position\":3,\"name\":\"T\u1eddi th\u1ee7y l\u1ef1c 7 t\u1ea5n xe s\u00e0n tr\u01b0\u1ee3t 15000LBS\"}]},{\"@type\":\"WebSite\",\"@id\":\"https:\/\/thuyluccongnghiep.com\/#website\",\"url\":\"https:\/\/thuyluccongnghiep.com\/\",\"name\":\"TH\u1ee6Y L\u1ef0C MINH \u0110\u1ee8C\",\"description\":\"Uy T\u00edn- T\u1eadn T\u00e2m - CHuy\u00ean Nghi\u1ec7p\",\"publisher\":{\"@id\":\"https:\/\/thuyluccongnghiep.com\/#organization\"},\"potentialAction\":[{\"@type\":\"SearchAction\",\"target\":{\"@type\":\"EntryPoint\",\"urlTemplate\":\"https:\/\/thuyluccongnghiep.com\/?s={search_term_string}\"},\"query-input\":\"required name=search_term_string\"}],\"inLanguage\":\"vi\"},{\"@type\":\"Organization\",\"@id\":\"https:\/\/thuyluccongnghiep.com\/#organization\",\"name\":\"TH\u1ee6Y L\u1ef0C MINH \u0110\u1ee8C\",\"url\":\"https:\/\/thuyluccongnghiep.com\/\",\"sameAs\":[],\"logo\":{\"@type\":\"ImageObject\",\"inLanguage\":\"vi\",\"@id\":\"https:\/\/thuyluccongnghiep.com\/#\/schema\/logo\/image\/\",\"url\":\"http:\/\/thuyluccongnghiep.com\/wp-content\/uploads\/2020\/04\/cropped-Logo1.jpg\",\"contentUrl\":\"http:\/\/thuyluccongnghiep.com\/wp-content\/uploads\/2020\/04\/cropped-Logo1.jpg\",\"width\":203,\"height\":203,\"caption\":\"TH\u1ee6Y L\u1ef0C MINH \u0110\u1ee8C\"},\"image\":{\"@id\":\"https:\/\/thuyluccongnghiep.com\/#\/schema\/logo\/image\/\"}}]}<\/script>\n<!-- \/ Yoast SEO plugin. -->","yoast_head_json":{"title":"T\u1eddi th\u1ee7y l\u1ef1c 7 t\u1ea5n xe s\u00e0n tr\u01b0\u1ee3t 15000LBS - TH\u1ee6Y L\u1ef0C MINH \u0110\u1ee8C","robots":{"index":"index","follow":"follow","max-snippet":"max-snippet:-1","max-image-preview":"max-image-preview:large","max-video-preview":"max-video-preview:-1"},"canonical":"http:\/\/thuyluccongnghiep.com\/index.php\/san-pham\/toi-thuy-luc-4-tan-7-tan-xe-san-truot\/","og_locale":"vi_VN","og_type":"article","og_title":"T\u1eddi th\u1ee7y l\u1ef1c 7 t\u1ea5n xe s\u00e0n tr\u01b0\u1ee3t 15000LBS - TH\u1ee6Y L\u1ef0C MINH \u0110\u1ee8C","og_description":"T\u1eddi th\u1ee7y l\u1ef1c : \u1ee8ng d\u1ee5ng : d\u00f9ng cho xe chuy\u00ean d\u00f9ng s\u00e0n tr\u01b0\u1ee3t ch\u1edf \u00d4 t\u00f4 , &#8230; L\u1ef1c k\u00e9o : 7 T\u1ea5n ( 15000 LBS). L\u01b0u l\u01b0\u1ee3ng max : 60 l\u00edt \/ p \u00c1p su\u1ea5t l\u00e0m vi\u1ec7c : 140 bar L\u01b0u l\u01b0\u1ee3ng ri\u00eang \u0111\u1ed9ng c\u01a1 : 160 cc\/v&hellip;","og_url":"http:\/\/thuyluccongnghiep.com\/index.php\/san-pham\/toi-thuy-luc-4-tan-7-tan-xe-san-truot\/","og_site_name":"TH\u1ee6Y L\u1ef0C MINH \u0110\u1ee8C","article_modified_time":"2020-04-22T06:27:21+00:00","og_image":[{"width":1512,"height":2016,"url":"http:\/\/thuyluccongnghiep.com\/wp-content\/uploads\/2016\/09\/toi-hen.jpg","type":"image\/jpeg"}],"twitter_card":"summary_large_image","schema":{"@context":"https:\/\/schema.org","@graph":[{"@type":"WebPage","@id":"http:\/\/thuyluccongnghiep.com\/index.php\/san-pham\/toi-thuy-luc-4-tan-7-tan-xe-san-truot\/","url":"http:\/\/thuyluccongnghiep.com\/index.php\/san-pham\/toi-thuy-luc-4-tan-7-tan-xe-san-truot\/","name":"T\u1eddi th\u1ee7y l\u1ef1c 7 t\u1ea5n xe s\u00e0n tr\u01b0\u1ee3t 15000LBS - TH\u1ee6Y L\u1ef0C MINH \u0110\u1ee8C","isPartOf":{"@id":"https:\/\/thuyluccongnghiep.com\/#website"},"datePublished":"2016-09-22T03:04:37+00:00","dateModified":"2020-04-22T06:27:21+00:00","breadcrumb":{"@id":"http:\/\/thuyluccongnghiep.com\/index.php\/san-pham\/toi-thuy-luc-4-tan-7-tan-xe-san-truot\/#breadcrumb"},"inLanguage":"vi","potentialAction":[{"@type":"ReadAction","target":["http:\/\/thuyluccongnghiep.com\/index.php\/san-pham\/toi-thuy-luc-4-tan-7-tan-xe-san-truot\/"]}]},{"@type":"BreadcrumbList","@id":"http:\/\/thuyluccongnghiep.com\/index.php\/san-pham\/toi-thuy-luc-4-tan-7-tan-xe-san-truot\/#breadcrumb","itemListElement":[{"@type":"ListItem","position":1,"name":"Home","item":"https:\/\/thuyluccongnghiep.com\/"},{"@type":"ListItem","position":2,"name":"C\u1eeda h\u00e0ng","item":"https:\/\/thuyluccongnghiep.com\/"},{"@type":"ListItem","position":3,"name":"T\u1eddi th\u1ee7y l\u1ef1c 7 t\u1ea5n xe s\u00e0n tr\u01b0\u1ee3t 15000LBS"}]},{"@type":"WebSite","@id":"https:\/\/thuyluccongnghiep.com\/#website","url":"https:\/\/thuyluccongnghiep.com\/","name":"TH\u1ee6Y L\u1ef0C MINH \u0110\u1ee8C","description":"Uy T\u00edn- T\u1eadn T\u00e2m - CHuy\u00ean Nghi\u1ec7p","publisher":{"@id":"https:\/\/thuyluccongnghiep.com\/#organization"},"potentialAction":[{"@type":"SearchAction","target":{"@type":"EntryPoint","urlTemplate":"https:\/\/thuyluccongnghiep.com\/?s={search_term_string}"},"query-input":"required name=search_term_string"}],"inLanguage":"vi"},{"@type":"Organization","@id":"https:\/\/thuyluccongnghiep.com\/#organization","name":"TH\u1ee6Y L\u1ef0C MINH \u0110\u1ee8C","url":"https:\/\/thuyluccongnghiep.com\/","sameAs":[],"logo":{"@type":"ImageObject","inLanguage":"vi","@id":"https:\/\/thuyluccongnghiep.com\/#\/schema\/logo\/image\/","url":"http:\/\/thuyluccongnghiep.com\/wp-content\/uploads\/2020\/04\/cropped-Logo1.jpg","contentUrl":"http:\/\/thuyluccongnghiep.com\/wp-content\/uploads\/2020\/04\/cropped-Logo1.jpg","width":203,"height":203,"caption":"TH\u1ee6Y L\u1ef0C MINH \u0110\u1ee8C"},"image":{"@id":"https:\/\/thuyluccongnghiep.com\/#\/schema\/logo\/image\/"}}]}},"_links":{"self":[{"href":"http:\/\/thuyluccongnghiep.com\/index.php\/wp-json\/wp\/v2\/product\/67","targetHints":{"allow":["GET"]}}],"collection":[{"href":"http:\/\/thuyluccongnghiep.com\/index.php\/wp-json\/wp\/v2\/product"}],"about":[{"href":"http:\/\/thuyluccongnghiep.com\/index.php\/wp-json\/wp\/v2\/types\/product"}],"wp:featuredmedia":[{"embeddable":true,"href":"http:\/\/thuyluccongnghiep.com\/index.php\/wp-json\/wp\/v2\/media\/282"}],"wp:attachment":[{"href":"http:\/\/thuyluccongnghiep.com\/index.php\/wp-json\/wp\/v2\/media?parent=67"}],"wp:term":[{"taxonomy":"product_cat","embeddable":true,"href":"http:\/\/thuyluccongnghiep.com\/index.php\/wp-json\/wp\/v2\/product_cat?post=67"},{"taxonomy":"product_tag","embeddable":true,"href":"http:\/\/thuyluccongnghiep.com\/index.php\/wp-json\/wp\/v2\/product_tag?post=67"}],"curies":[{"name":"wp","href":"https:\/\/api.w.org\/{rel}","templated":true}]}}