{"id":293,"date":"2018-08-02T09:26:35","date_gmt":"2018-08-02T02:26:35","guid":{"rendered":"http:\/\/thuyluccongnghiep.com\/?post_type=product&#038;p=293"},"modified":"2021-05-04T16:56:08","modified_gmt":"2021-05-04T09:56:08","slug":"may-be-uon-dai-sat-xay-dung-be-duoc-sat-phi-28","status":"publish","type":"product","link":"http:\/\/thuyluccongnghiep.com\/index.php\/san-pham\/may-be-uon-dai-sat-xay-dung-be-duoc-sat-phi-28\/","title":{"rendered":"M\u00e1y u\u1ed1n th\u00e9p x\u00e2y d\u1ef1ng , B\u1ebb \u0111ai s\u1eaft"},"content":{"rendered":"<h3>Ch\u00fang t\u00f4i xin gi\u1edbi thi\u1ec7u \u0111\u1ebfn qu\u00fd kh\u00e1ch :<\/h3>\n<h3>S\u1ea3n ph\u1ea9m : M\u00e1y b\u1ebb \u0111ai , u\u1ed1n s\u1eaft x\u00e2y d\u1ef1ng .<\/h3>\n<h3>C\u00f4ng d\u1ee5ng : B\u1ebb \u0111\u01b0\u1ee3c s\u1eaft l\u00ean \u0111\u1ebfn phi 28.<\/h3>\n<h3>S\u1ea3n ph\u1ea9m g\u1ecdn nh\u1eb9 , c\u00f3 th\u1ec3 mang l\u00ean xe m\u00e1y \u0111\u1ec3 ch\u1edf \u0111\u1ebfn ch\u1ed7 l\u00e0m vi\u1ec7c .<\/h3>\n<h3>\u0110i\u1ec7n d\u00e2n d\u1ee5ng : 220V .<\/h3>\n<hr \/>\n<hr \/>\n<figure id=\"attachment_294\" aria-describedby=\"caption-attachment-294\" style=\"width: 1280px\" class=\"wp-caption alignnone\"><a href=\"http:\/\/thuyluccongnghiep.com\/index.php\/san-pham\/may-be-uon-dai-sat-xay-dung-be-duoc-sat-phi-28\/45d4b3697db09ceec5a1\/\" rel=\"attachment wp-att-294\"><img loading=\"lazy\" decoding=\"async\" class=\"size-full wp-image-294\" src=\"http:\/\/thuyluccongnghiep.com\/wp-content\/uploads\/2018\/08\/45d4b3697db09ceec5a1.jpg\" alt=\"\" width=\"1280\" height=\"960\" srcset=\"http:\/\/thuyluccongnghiep.com\/wp-content\/uploads\/2018\/08\/45d4b3697db09ceec5a1.jpg 1280w, http:\/\/thuyluccongnghiep.com\/wp-content\/uploads\/2018\/08\/45d4b3697db09ceec5a1-548x411.jpg 548w, http:\/\/thuyluccongnghiep.com\/wp-content\/uploads\/2018\/08\/45d4b3697db09ceec5a1-150x113.jpg 150w, http:\/\/thuyluccongnghiep.com\/wp-content\/uploads\/2018\/08\/45d4b3697db09ceec5a1-300x225.jpg 300w, http:\/\/thuyluccongnghiep.com\/wp-content\/uploads\/2018\/08\/45d4b3697db09ceec5a1-768x576.jpg 768w, http:\/\/thuyluccongnghiep.com\/wp-content\/uploads\/2018\/08\/45d4b3697db09ceec5a1-1024x768.jpg 1024w\" sizes=\"auto, (max-width: 1280px) 100vw, 1280px\" \/><\/a><figcaption id=\"caption-attachment-294\" class=\"wp-caption-text\">M\u00e1y b\u1ebb ,u\u1ed1n \u0111ai th\u00e9p x\u00e2y d\u1ef1ng<\/figcaption><\/figure>\n<p><iframe loading=\"lazy\" title=\"M\u00e1y B\u1ebb \u0110ai S\u1eaft X\u00e2y D\u1ef1ng  Li\u00ean H\u1ec7  0986154136\" width=\"1170\" height=\"878\" src=\"https:\/\/www.youtube.com\/embed\/nBaXkUTNk30?feature=oembed\" frameborder=\"0\" allow=\"accelerometer; autoplay; encrypted-media; gyroscope; picture-in-picture\" allowfullscreen><\/iframe><\/p>\n<p>&nbsp;<\/p>\n","protected":false},"excerpt":{"rendered":"<p>Ch\u00fang t\u00f4i xin gi\u1edbi thi\u1ec7u \u0111\u1ebfn qu\u00fd kh\u00e1ch : S\u1ea3n ph\u1ea9m : M\u00e1y b\u1ebb \u0111ai , u\u1ed1n s\u1eaft x\u00e2y d\u1ef1ng . C\u00f4ng d\u1ee5ng : B\u1ebb \u0111\u01b0\u1ee3c s\u1eaft l\u00ean \u0111\u1ebfn phi 28. S\u1ea3n ph\u1ea9m g\u1ecdn nh\u1eb9 , c\u00f3 th\u1ec3 mang l\u00ean xe m\u00e1y \u0111\u1ec3 ch\u1edf \u0111\u1ebfn ch\u1ed7 l\u00e0m vi\u1ec7c . \u0110i\u1ec7n&hellip; <\/p>\n","protected":false},"featured_media":294,"template":"","meta":[],"product_cat":[51,38,8],"product_tag":[48,49,50],"class_list":["post-293","product","type-product","status-publish","has-post-thumbnail","hentry","product_cat-chua-phan-loai","product_cat-may-cat-uon-dai-thep","product_cat-san-pham-ban-chay","product_tag-may-be-dai","product_tag-sat","product_tag-thep-xay-dung"],"yoast_head":"<!-- This site is optimized with the Yoast SEO plugin v19.8 - https:\/\/yoast.com\/wordpress\/plugins\/seo\/ -->\n<title>M\u00e1y u\u1ed1n th\u00e9p x\u00e2y d\u1ef1ng , B\u1ebb \u0111ai s\u1eaft - TH\u1ee6Y L\u1ef0C MINH \u0110\u1ee8C<\/title>\n<meta name=\"robots\" content=\"index, follow, max-snippet:-1, max-image-preview:large, max-video-preview:-1\" \/>\n<link rel=\"canonical\" href=\"http:\/\/thuyluccongnghiep.com\/index.php\/san-pham\/may-be-uon-dai-sat-xay-dung-be-duoc-sat-phi-28\/\" \/>\n<meta property=\"og:locale\" content=\"vi_VN\" \/>\n<meta property=\"og:type\" content=\"article\" \/>\n<meta property=\"og:title\" content=\"M\u00e1y u\u1ed1n th\u00e9p x\u00e2y d\u1ef1ng , B\u1ebb \u0111ai s\u1eaft - TH\u1ee6Y L\u1ef0C MINH \u0110\u1ee8C\" \/>\n<meta property=\"og:description\" content=\"Ch\u00fang t\u00f4i xin gi\u1edbi thi\u1ec7u \u0111\u1ebfn qu\u00fd kh\u00e1ch : S\u1ea3n ph\u1ea9m : M\u00e1y b\u1ebb \u0111ai , u\u1ed1n s\u1eaft x\u00e2y d\u1ef1ng . C\u00f4ng d\u1ee5ng : B\u1ebb \u0111\u01b0\u1ee3c s\u1eaft l\u00ean \u0111\u1ebfn phi 28. S\u1ea3n ph\u1ea9m g\u1ecdn nh\u1eb9 , c\u00f3 th\u1ec3 mang l\u00ean xe m\u00e1y \u0111\u1ec3 ch\u1edf \u0111\u1ebfn ch\u1ed7 l\u00e0m vi\u1ec7c . \u0110i\u1ec7n&hellip;\" \/>\n<meta property=\"og:url\" content=\"http:\/\/thuyluccongnghiep.com\/index.php\/san-pham\/may-be-uon-dai-sat-xay-dung-be-duoc-sat-phi-28\/\" \/>\n<meta property=\"og:site_name\" content=\"TH\u1ee6Y L\u1ef0C MINH \u0110\u1ee8C\" \/>\n<meta property=\"article:modified_time\" content=\"2021-05-04T09:56:08+00:00\" \/>\n<meta property=\"og:image\" content=\"http:\/\/thuyluccongnghiep.com\/wp-content\/uploads\/2018\/08\/45d4b3697db09ceec5a1.jpg\" \/>\n\t<meta property=\"og:image:width\" content=\"1280\" \/>\n\t<meta property=\"og:image:height\" content=\"960\" \/>\n\t<meta property=\"og:image:type\" content=\"image\/jpeg\" \/>\n<meta name=\"twitter:card\" content=\"summary_large_image\" \/>\n<script type=\"application\/ld+json\" class=\"yoast-schema-graph\">{\"@context\":\"https:\/\/schema.org\",\"@graph\":[{\"@type\":\"WebPage\",\"@id\":\"http:\/\/thuyluccongnghiep.com\/index.php\/san-pham\/may-be-uon-dai-sat-xay-dung-be-duoc-sat-phi-28\/\",\"url\":\"http:\/\/thuyluccongnghiep.com\/index.php\/san-pham\/may-be-uon-dai-sat-xay-dung-be-duoc-sat-phi-28\/\",\"name\":\"M\u00e1y u\u1ed1n th\u00e9p x\u00e2y d\u1ef1ng , B\u1ebb \u0111ai s\u1eaft - TH\u1ee6Y L\u1ef0C MINH \u0110\u1ee8C\",\"isPartOf\":{\"@id\":\"http:\/\/thuyluccongnghiep.com\/#website\"},\"datePublished\":\"2018-08-02T02:26:35+00:00\",\"dateModified\":\"2021-05-04T09:56:08+00:00\",\"breadcrumb\":{\"@id\":\"http:\/\/thuyluccongnghiep.com\/index.php\/san-pham\/may-be-uon-dai-sat-xay-dung-be-duoc-sat-phi-28\/#breadcrumb\"},\"inLanguage\":\"vi\",\"potentialAction\":[{\"@type\":\"ReadAction\",\"target\":[\"http:\/\/thuyluccongnghiep.com\/index.php\/san-pham\/may-be-uon-dai-sat-xay-dung-be-duoc-sat-phi-28\/\"]}]},{\"@type\":\"BreadcrumbList\",\"@id\":\"http:\/\/thuyluccongnghiep.com\/index.php\/san-pham\/may-be-uon-dai-sat-xay-dung-be-duoc-sat-phi-28\/#breadcrumb\",\"itemListElement\":[{\"@type\":\"ListItem\",\"position\":1,\"name\":\"Home\",\"item\":\"http:\/\/thuyluccongnghiep.com\/\"},{\"@type\":\"ListItem\",\"position\":2,\"name\":\"C\u1eeda h\u00e0ng\",\"item\":\"http:\/\/thuyluccongnghiep.com\/\"},{\"@type\":\"ListItem\",\"position\":3,\"name\":\"M\u00e1y u\u1ed1n th\u00e9p x\u00e2y d\u1ef1ng , B\u1ebb \u0111ai s\u1eaft\"}]},{\"@type\":\"WebSite\",\"@id\":\"http:\/\/thuyluccongnghiep.com\/#website\",\"url\":\"http:\/\/thuyluccongnghiep.com\/\",\"name\":\"TH\u1ee6Y L\u1ef0C MINH \u0110\u1ee8C\",\"description\":\"Uy T\u00edn- T\u1eadn T\u00e2m - CHuy\u00ean Nghi\u1ec7p\",\"publisher\":{\"@id\":\"http:\/\/thuyluccongnghiep.com\/#organization\"},\"potentialAction\":[{\"@type\":\"SearchAction\",\"target\":{\"@type\":\"EntryPoint\",\"urlTemplate\":\"http:\/\/thuyluccongnghiep.com\/?s={search_term_string}\"},\"query-input\":\"required name=search_term_string\"}],\"inLanguage\":\"vi\"},{\"@type\":\"Organization\",\"@id\":\"http:\/\/thuyluccongnghiep.com\/#organization\",\"name\":\"TH\u1ee6Y L\u1ef0C MINH \u0110\u1ee8C\",\"url\":\"http:\/\/thuyluccongnghiep.com\/\",\"sameAs\":[],\"logo\":{\"@type\":\"ImageObject\",\"inLanguage\":\"vi\",\"@id\":\"http:\/\/thuyluccongnghiep.com\/#\/schema\/logo\/image\/\",\"url\":\"http:\/\/thuyluccongnghiep.com\/wp-content\/uploads\/2020\/04\/cropped-Logo1.jpg\",\"contentUrl\":\"http:\/\/thuyluccongnghiep.com\/wp-content\/uploads\/2020\/04\/cropped-Logo1.jpg\",\"width\":203,\"height\":203,\"caption\":\"TH\u1ee6Y L\u1ef0C MINH \u0110\u1ee8C\"},\"image\":{\"@id\":\"http:\/\/thuyluccongnghiep.com\/#\/schema\/logo\/image\/\"}}]}<\/script>\n<!-- \/ Yoast SEO plugin. -->","yoast_head_json":{"title":"M\u00e1y u\u1ed1n th\u00e9p x\u00e2y d\u1ef1ng , B\u1ebb \u0111ai s\u1eaft - TH\u1ee6Y L\u1ef0C MINH \u0110\u1ee8C","robots":{"index":"index","follow":"follow","max-snippet":"max-snippet:-1","max-image-preview":"max-image-preview:large","max-video-preview":"max-video-preview:-1"},"canonical":"http:\/\/thuyluccongnghiep.com\/index.php\/san-pham\/may-be-uon-dai-sat-xay-dung-be-duoc-sat-phi-28\/","og_locale":"vi_VN","og_type":"article","og_title":"M\u00e1y u\u1ed1n th\u00e9p x\u00e2y d\u1ef1ng , B\u1ebb \u0111ai s\u1eaft - TH\u1ee6Y L\u1ef0C MINH \u0110\u1ee8C","og_description":"Ch\u00fang t\u00f4i xin gi\u1edbi thi\u1ec7u \u0111\u1ebfn qu\u00fd kh\u00e1ch : S\u1ea3n ph\u1ea9m : M\u00e1y b\u1ebb \u0111ai , u\u1ed1n s\u1eaft x\u00e2y d\u1ef1ng . C\u00f4ng d\u1ee5ng : B\u1ebb \u0111\u01b0\u1ee3c s\u1eaft l\u00ean \u0111\u1ebfn phi 28. S\u1ea3n ph\u1ea9m g\u1ecdn nh\u1eb9 , c\u00f3 th\u1ec3 mang l\u00ean xe m\u00e1y \u0111\u1ec3 ch\u1edf \u0111\u1ebfn ch\u1ed7 l\u00e0m vi\u1ec7c . \u0110i\u1ec7n&hellip;","og_url":"http:\/\/thuyluccongnghiep.com\/index.php\/san-pham\/may-be-uon-dai-sat-xay-dung-be-duoc-sat-phi-28\/","og_site_name":"TH\u1ee6Y L\u1ef0C MINH \u0110\u1ee8C","article_modified_time":"2021-05-04T09:56:08+00:00","og_image":[{"width":1280,"height":960,"url":"http:\/\/thuyluccongnghiep.com\/wp-content\/uploads\/2018\/08\/45d4b3697db09ceec5a1.jpg","type":"image\/jpeg"}],"twitter_card":"summary_large_image","schema":{"@context":"https:\/\/schema.org","@graph":[{"@type":"WebPage","@id":"http:\/\/thuyluccongnghiep.com\/index.php\/san-pham\/may-be-uon-dai-sat-xay-dung-be-duoc-sat-phi-28\/","url":"http:\/\/thuyluccongnghiep.com\/index.php\/san-pham\/may-be-uon-dai-sat-xay-dung-be-duoc-sat-phi-28\/","name":"M\u00e1y u\u1ed1n th\u00e9p x\u00e2y d\u1ef1ng , B\u1ebb \u0111ai s\u1eaft - TH\u1ee6Y L\u1ef0C MINH \u0110\u1ee8C","isPartOf":{"@id":"http:\/\/thuyluccongnghiep.com\/#website"},"datePublished":"2018-08-02T02:26:35+00:00","dateModified":"2021-05-04T09:56:08+00:00","breadcrumb":{"@id":"http:\/\/thuyluccongnghiep.com\/index.php\/san-pham\/may-be-uon-dai-sat-xay-dung-be-duoc-sat-phi-28\/#breadcrumb"},"inLanguage":"vi","potentialAction":[{"@type":"ReadAction","target":["http:\/\/thuyluccongnghiep.com\/index.php\/san-pham\/may-be-uon-dai-sat-xay-dung-be-duoc-sat-phi-28\/"]}]},{"@type":"BreadcrumbList","@id":"http:\/\/thuyluccongnghiep.com\/index.php\/san-pham\/may-be-uon-dai-sat-xay-dung-be-duoc-sat-phi-28\/#breadcrumb","itemListElement":[{"@type":"ListItem","position":1,"name":"Home","item":"http:\/\/thuyluccongnghiep.com\/"},{"@type":"ListItem","position":2,"name":"C\u1eeda h\u00e0ng","item":"http:\/\/thuyluccongnghiep.com\/"},{"@type":"ListItem","position":3,"name":"M\u00e1y u\u1ed1n th\u00e9p x\u00e2y d\u1ef1ng , B\u1ebb \u0111ai s\u1eaft"}]},{"@type":"WebSite","@id":"http:\/\/thuyluccongnghiep.com\/#website","url":"http:\/\/thuyluccongnghiep.com\/","name":"TH\u1ee6Y L\u1ef0C MINH \u0110\u1ee8C","description":"Uy T\u00edn- T\u1eadn T\u00e2m - CHuy\u00ean Nghi\u1ec7p","publisher":{"@id":"http:\/\/thuyluccongnghiep.com\/#organization"},"potentialAction":[{"@type":"SearchAction","target":{"@type":"EntryPoint","urlTemplate":"http:\/\/thuyluccongnghiep.com\/?s={search_term_string}"},"query-input":"required name=search_term_string"}],"inLanguage":"vi"},{"@type":"Organization","@id":"http:\/\/thuyluccongnghiep.com\/#organization","name":"TH\u1ee6Y L\u1ef0C MINH \u0110\u1ee8C","url":"http:\/\/thuyluccongnghiep.com\/","sameAs":[],"logo":{"@type":"ImageObject","inLanguage":"vi","@id":"http:\/\/thuyluccongnghiep.com\/#\/schema\/logo\/image\/","url":"http:\/\/thuyluccongnghiep.com\/wp-content\/uploads\/2020\/04\/cropped-Logo1.jpg","contentUrl":"http:\/\/thuyluccongnghiep.com\/wp-content\/uploads\/2020\/04\/cropped-Logo1.jpg","width":203,"height":203,"caption":"TH\u1ee6Y L\u1ef0C MINH \u0110\u1ee8C"},"image":{"@id":"http:\/\/thuyluccongnghiep.com\/#\/schema\/logo\/image\/"}}]}},"_links":{"self":[{"href":"http:\/\/thuyluccongnghiep.com\/index.php\/wp-json\/wp\/v2\/product\/293","targetHints":{"allow":["GET"]}}],"collection":[{"href":"http:\/\/thuyluccongnghiep.com\/index.php\/wp-json\/wp\/v2\/product"}],"about":[{"href":"http:\/\/thuyluccongnghiep.com\/index.php\/wp-json\/wp\/v2\/types\/product"}],"wp:featuredmedia":[{"embeddable":true,"href":"http:\/\/thuyluccongnghiep.com\/index.php\/wp-json\/wp\/v2\/media\/294"}],"wp:attachment":[{"href":"http:\/\/thuyluccongnghiep.com\/index.php\/wp-json\/wp\/v2\/media?parent=293"}],"wp:term":[{"taxonomy":"product_cat","embeddable":true,"href":"http:\/\/thuyluccongnghiep.com\/index.php\/wp-json\/wp\/v2\/product_cat?post=293"},{"taxonomy":"product_tag","embeddable":true,"href":"http:\/\/thuyluccongnghiep.com\/index.php\/wp-json\/wp\/v2\/product_tag?post=293"}],"curies":[{"name":"wp","href":"https:\/\/api.w.org\/{rel}","templated":true}]}}