{"id":278,"date":"2017-03-30T08:19:46","date_gmt":"2017-03-30T01:19:46","guid":{"rendered":"http:\/\/thuyluccongnghiep.com\/?post_type=product&#038;p=278"},"modified":"2020-04-24T18:41:33","modified_gmt":"2020-04-24T11:41:33","slug":"may-cat-va-uon-dai-thep-xay-dung-tu-dong","status":"publish","type":"product","link":"http:\/\/thuyluccongnghiep.com\/index.php\/san-pham\/may-cat-va-uon-dai-thep-xay-dung-tu-dong\/","title":{"rendered":"M\u00e1y c\u1eaft v\u00e0 u\u1ed1n \u0111ai th\u00e9p x\u00e2y d\u1ef1ng t\u1ef1 \u0111\u1ed9ng"},"content":{"rendered":"<h3>Ch\u1ebf t\u1ea1o M\u00e1y c\u1eaft v\u00e0 u\u1ed1n \u0111ai th\u00e9p x\u00e2y d\u1ef1ng t\u1ef1 \u0111\u1ed9ng<br \/>\nM\u00e1y c\u00f3 th\u1ec3 l\u1eadp tr\u00ecnh c\u1eaft v\u00e0 u\u1ed1n theo y\u00eau c\u1ea7u kh\u00e1ch h\u00e0ng.<br \/>\nC\u00f3 nhi\u1ec1u m\u1eabu c\u1eaft : h\u00ecnh vu\u00f4ng, ch\u1eef nh\u1eadt , tam gi\u00e1c<br \/>\nT\u1ed1c \u0111\u1ed9: kho\u1ea3ng 10 chi\u1ebfc \/ ph\u00fat<\/h3>\n<hr \/>\n<hr \/>\n<p><a href=\"http:\/\/thuyluccongnghiep.com\/index.php\/san-pham\/may-cat-va-uon-dai-thep-xay-dung-tu-dong\/attachment\/22\/\" rel=\"attachment wp-att-279\"><img loading=\"lazy\" decoding=\"async\" class=\"alignnone size-full wp-image-279\" src=\"http:\/\/thuyluccongnghiep.com\/wp-content\/uploads\/2017\/03\/22.jpg\" alt=\"\" width=\"3264\" height=\"2448\" \/><\/a><\/p>\n<p>&nbsp;<\/p>\n<p>&nbsp;<\/p>\n<p><iframe loading=\"lazy\" title=\"M\u00e1y c\u1eaft v\u00e0 u\u1ed1n \u0111ai th\u00e9p x\u00e2y d\u1ef1ng t\u1ef1 \u0111\u1ed9ng\" width=\"1170\" height=\"878\" src=\"https:\/\/www.youtube.com\/embed\/Qr7bcP1WLLE?feature=oembed\" frameborder=\"0\" allow=\"accelerometer; autoplay; encrypted-media; gyroscope; picture-in-picture\" allowfullscreen><\/iframe><\/p>\n","protected":false},"excerpt":{"rendered":"<p>Ch\u1ebf t\u1ea1o M\u00e1y c\u1eaft v\u00e0 u\u1ed1n \u0111ai th\u00e9p x\u00e2y d\u1ef1ng t\u1ef1 \u0111\u1ed9ng M\u00e1y c\u00f3 th\u1ec3 l\u1eadp tr\u00ecnh c\u1eaft v\u00e0 u\u1ed1n theo y\u00eau c\u1ea7u kh\u00e1ch h\u00e0ng. C\u00f3 nhi\u1ec1u m\u1eabu c\u1eaft : h\u00ecnh vu\u00f4ng, ch\u1eef nh\u1eadt , tam gi\u00e1c T\u1ed1c \u0111\u1ed9: kho\u1ea3ng 10 chi\u1ebfc \/ ph\u00fat &nbsp; &nbsp;<\/p>\n","protected":false},"featured_media":279,"template":"","meta":[],"product_cat":[38],"product_tag":[],"class_list":["post-278","product","type-product","status-publish","has-post-thumbnail","hentry","product_cat-may-cat-uon-dai-thep"],"yoast_head":"<!-- This site is optimized with the Yoast SEO plugin v19.8 - https:\/\/yoast.com\/wordpress\/plugins\/seo\/ -->\n<title>M\u00e1y c\u1eaft v\u00e0 u\u1ed1n \u0111ai th\u00e9p x\u00e2y d\u1ef1ng t\u1ef1 \u0111\u1ed9ng - TH\u1ee6Y L\u1ef0C MINH \u0110\u1ee8C<\/title>\n<meta name=\"robots\" content=\"index, follow, max-snippet:-1, max-image-preview:large, max-video-preview:-1\" \/>\n<link rel=\"canonical\" href=\"http:\/\/thuyluccongnghiep.com\/index.php\/san-pham\/may-cat-va-uon-dai-thep-xay-dung-tu-dong\/\" \/>\n<meta property=\"og:locale\" content=\"vi_VN\" \/>\n<meta property=\"og:type\" content=\"article\" \/>\n<meta property=\"og:title\" content=\"M\u00e1y c\u1eaft v\u00e0 u\u1ed1n \u0111ai th\u00e9p x\u00e2y d\u1ef1ng t\u1ef1 \u0111\u1ed9ng - TH\u1ee6Y L\u1ef0C MINH \u0110\u1ee8C\" \/>\n<meta property=\"og:description\" content=\"Ch\u1ebf t\u1ea1o M\u00e1y c\u1eaft v\u00e0 u\u1ed1n \u0111ai th\u00e9p x\u00e2y d\u1ef1ng t\u1ef1 \u0111\u1ed9ng M\u00e1y c\u00f3 th\u1ec3 l\u1eadp tr\u00ecnh c\u1eaft v\u00e0 u\u1ed1n theo y\u00eau c\u1ea7u kh\u00e1ch h\u00e0ng. C\u00f3 nhi\u1ec1u m\u1eabu c\u1eaft : h\u00ecnh vu\u00f4ng, ch\u1eef nh\u1eadt , tam gi\u00e1c T\u1ed1c \u0111\u1ed9: kho\u1ea3ng 10 chi\u1ebfc \/ ph\u00fat &nbsp; &nbsp;\" \/>\n<meta property=\"og:url\" content=\"http:\/\/thuyluccongnghiep.com\/index.php\/san-pham\/may-cat-va-uon-dai-thep-xay-dung-tu-dong\/\" \/>\n<meta property=\"og:site_name\" content=\"TH\u1ee6Y L\u1ef0C MINH \u0110\u1ee8C\" \/>\n<meta property=\"article:modified_time\" content=\"2020-04-24T11:41:33+00:00\" \/>\n<meta property=\"og:image\" content=\"http:\/\/thuyluccongnghiep.com\/wp-content\/uploads\/2017\/03\/22-scaled.jpg\" \/>\n\t<meta property=\"og:image:width\" content=\"2560\" \/>\n\t<meta property=\"og:image:height\" content=\"1920\" \/>\n\t<meta property=\"og:image:type\" content=\"image\/jpeg\" \/>\n<meta name=\"twitter:card\" content=\"summary_large_image\" \/>\n<script type=\"application\/ld+json\" class=\"yoast-schema-graph\">{\"@context\":\"https:\/\/schema.org\",\"@graph\":[{\"@type\":\"WebPage\",\"@id\":\"http:\/\/thuyluccongnghiep.com\/index.php\/san-pham\/may-cat-va-uon-dai-thep-xay-dung-tu-dong\/\",\"url\":\"http:\/\/thuyluccongnghiep.com\/index.php\/san-pham\/may-cat-va-uon-dai-thep-xay-dung-tu-dong\/\",\"name\":\"M\u00e1y c\u1eaft v\u00e0 u\u1ed1n \u0111ai th\u00e9p x\u00e2y d\u1ef1ng t\u1ef1 \u0111\u1ed9ng - TH\u1ee6Y L\u1ef0C MINH \u0110\u1ee8C\",\"isPartOf\":{\"@id\":\"https:\/\/thuyluccongnghiep.com\/#website\"},\"datePublished\":\"2017-03-30T01:19:46+00:00\",\"dateModified\":\"2020-04-24T11:41:33+00:00\",\"breadcrumb\":{\"@id\":\"http:\/\/thuyluccongnghiep.com\/index.php\/san-pham\/may-cat-va-uon-dai-thep-xay-dung-tu-dong\/#breadcrumb\"},\"inLanguage\":\"vi\",\"potentialAction\":[{\"@type\":\"ReadAction\",\"target\":[\"http:\/\/thuyluccongnghiep.com\/index.php\/san-pham\/may-cat-va-uon-dai-thep-xay-dung-tu-dong\/\"]}]},{\"@type\":\"BreadcrumbList\",\"@id\":\"http:\/\/thuyluccongnghiep.com\/index.php\/san-pham\/may-cat-va-uon-dai-thep-xay-dung-tu-dong\/#breadcrumb\",\"itemListElement\":[{\"@type\":\"ListItem\",\"position\":1,\"name\":\"Home\",\"item\":\"https:\/\/thuyluccongnghiep.com\/\"},{\"@type\":\"ListItem\",\"position\":2,\"name\":\"C\u1eeda h\u00e0ng\",\"item\":\"https:\/\/thuyluccongnghiep.com\/\"},{\"@type\":\"ListItem\",\"position\":3,\"name\":\"M\u00e1y c\u1eaft v\u00e0 u\u1ed1n \u0111ai th\u00e9p x\u00e2y d\u1ef1ng t\u1ef1 \u0111\u1ed9ng\"}]},{\"@type\":\"WebSite\",\"@id\":\"https:\/\/thuyluccongnghiep.com\/#website\",\"url\":\"https:\/\/thuyluccongnghiep.com\/\",\"name\":\"TH\u1ee6Y L\u1ef0C MINH \u0110\u1ee8C\",\"description\":\"Uy T\u00edn- T\u1eadn T\u00e2m - CHuy\u00ean Nghi\u1ec7p\",\"publisher\":{\"@id\":\"https:\/\/thuyluccongnghiep.com\/#organization\"},\"potentialAction\":[{\"@type\":\"SearchAction\",\"target\":{\"@type\":\"EntryPoint\",\"urlTemplate\":\"https:\/\/thuyluccongnghiep.com\/?s={search_term_string}\"},\"query-input\":\"required name=search_term_string\"}],\"inLanguage\":\"vi\"},{\"@type\":\"Organization\",\"@id\":\"https:\/\/thuyluccongnghiep.com\/#organization\",\"name\":\"TH\u1ee6Y L\u1ef0C MINH \u0110\u1ee8C\",\"url\":\"https:\/\/thuyluccongnghiep.com\/\",\"sameAs\":[],\"logo\":{\"@type\":\"ImageObject\",\"inLanguage\":\"vi\",\"@id\":\"https:\/\/thuyluccongnghiep.com\/#\/schema\/logo\/image\/\",\"url\":\"http:\/\/thuyluccongnghiep.com\/wp-content\/uploads\/2020\/04\/cropped-Logo1.jpg\",\"contentUrl\":\"http:\/\/thuyluccongnghiep.com\/wp-content\/uploads\/2020\/04\/cropped-Logo1.jpg\",\"width\":203,\"height\":203,\"caption\":\"TH\u1ee6Y L\u1ef0C MINH \u0110\u1ee8C\"},\"image\":{\"@id\":\"https:\/\/thuyluccongnghiep.com\/#\/schema\/logo\/image\/\"}}]}<\/script>\n<!-- \/ Yoast SEO plugin. -->","yoast_head_json":{"title":"M\u00e1y c\u1eaft v\u00e0 u\u1ed1n \u0111ai th\u00e9p x\u00e2y d\u1ef1ng t\u1ef1 \u0111\u1ed9ng - TH\u1ee6Y L\u1ef0C MINH \u0110\u1ee8C","robots":{"index":"index","follow":"follow","max-snippet":"max-snippet:-1","max-image-preview":"max-image-preview:large","max-video-preview":"max-video-preview:-1"},"canonical":"http:\/\/thuyluccongnghiep.com\/index.php\/san-pham\/may-cat-va-uon-dai-thep-xay-dung-tu-dong\/","og_locale":"vi_VN","og_type":"article","og_title":"M\u00e1y c\u1eaft v\u00e0 u\u1ed1n \u0111ai th\u00e9p x\u00e2y d\u1ef1ng t\u1ef1 \u0111\u1ed9ng - TH\u1ee6Y L\u1ef0C MINH \u0110\u1ee8C","og_description":"Ch\u1ebf t\u1ea1o M\u00e1y c\u1eaft v\u00e0 u\u1ed1n \u0111ai th\u00e9p x\u00e2y d\u1ef1ng t\u1ef1 \u0111\u1ed9ng M\u00e1y c\u00f3 th\u1ec3 l\u1eadp tr\u00ecnh c\u1eaft v\u00e0 u\u1ed1n theo y\u00eau c\u1ea7u kh\u00e1ch h\u00e0ng. C\u00f3 nhi\u1ec1u m\u1eabu c\u1eaft : h\u00ecnh vu\u00f4ng, ch\u1eef nh\u1eadt , tam gi\u00e1c T\u1ed1c \u0111\u1ed9: kho\u1ea3ng 10 chi\u1ebfc \/ ph\u00fat &nbsp; &nbsp;","og_url":"http:\/\/thuyluccongnghiep.com\/index.php\/san-pham\/may-cat-va-uon-dai-thep-xay-dung-tu-dong\/","og_site_name":"TH\u1ee6Y L\u1ef0C MINH \u0110\u1ee8C","article_modified_time":"2020-04-24T11:41:33+00:00","og_image":[{"width":2560,"height":1920,"url":"http:\/\/thuyluccongnghiep.com\/wp-content\/uploads\/2017\/03\/22-scaled.jpg","type":"image\/jpeg"}],"twitter_card":"summary_large_image","schema":{"@context":"https:\/\/schema.org","@graph":[{"@type":"WebPage","@id":"http:\/\/thuyluccongnghiep.com\/index.php\/san-pham\/may-cat-va-uon-dai-thep-xay-dung-tu-dong\/","url":"http:\/\/thuyluccongnghiep.com\/index.php\/san-pham\/may-cat-va-uon-dai-thep-xay-dung-tu-dong\/","name":"M\u00e1y c\u1eaft v\u00e0 u\u1ed1n \u0111ai th\u00e9p x\u00e2y d\u1ef1ng t\u1ef1 \u0111\u1ed9ng - TH\u1ee6Y L\u1ef0C MINH \u0110\u1ee8C","isPartOf":{"@id":"https:\/\/thuyluccongnghiep.com\/#website"},"datePublished":"2017-03-30T01:19:46+00:00","dateModified":"2020-04-24T11:41:33+00:00","breadcrumb":{"@id":"http:\/\/thuyluccongnghiep.com\/index.php\/san-pham\/may-cat-va-uon-dai-thep-xay-dung-tu-dong\/#breadcrumb"},"inLanguage":"vi","potentialAction":[{"@type":"ReadAction","target":["http:\/\/thuyluccongnghiep.com\/index.php\/san-pham\/may-cat-va-uon-dai-thep-xay-dung-tu-dong\/"]}]},{"@type":"BreadcrumbList","@id":"http:\/\/thuyluccongnghiep.com\/index.php\/san-pham\/may-cat-va-uon-dai-thep-xay-dung-tu-dong\/#breadcrumb","itemListElement":[{"@type":"ListItem","position":1,"name":"Home","item":"https:\/\/thuyluccongnghiep.com\/"},{"@type":"ListItem","position":2,"name":"C\u1eeda h\u00e0ng","item":"https:\/\/thuyluccongnghiep.com\/"},{"@type":"ListItem","position":3,"name":"M\u00e1y c\u1eaft v\u00e0 u\u1ed1n \u0111ai th\u00e9p x\u00e2y d\u1ef1ng t\u1ef1 \u0111\u1ed9ng"}]},{"@type":"WebSite","@id":"https:\/\/thuyluccongnghiep.com\/#website","url":"https:\/\/thuyluccongnghiep.com\/","name":"TH\u1ee6Y L\u1ef0C MINH \u0110\u1ee8C","description":"Uy T\u00edn- T\u1eadn T\u00e2m - CHuy\u00ean Nghi\u1ec7p","publisher":{"@id":"https:\/\/thuyluccongnghiep.com\/#organization"},"potentialAction":[{"@type":"SearchAction","target":{"@type":"EntryPoint","urlTemplate":"https:\/\/thuyluccongnghiep.com\/?s={search_term_string}"},"query-input":"required name=search_term_string"}],"inLanguage":"vi"},{"@type":"Organization","@id":"https:\/\/thuyluccongnghiep.com\/#organization","name":"TH\u1ee6Y L\u1ef0C MINH \u0110\u1ee8C","url":"https:\/\/thuyluccongnghiep.com\/","sameAs":[],"logo":{"@type":"ImageObject","inLanguage":"vi","@id":"https:\/\/thuyluccongnghiep.com\/#\/schema\/logo\/image\/","url":"http:\/\/thuyluccongnghiep.com\/wp-content\/uploads\/2020\/04\/cropped-Logo1.jpg","contentUrl":"http:\/\/thuyluccongnghiep.com\/wp-content\/uploads\/2020\/04\/cropped-Logo1.jpg","width":203,"height":203,"caption":"TH\u1ee6Y L\u1ef0C MINH \u0110\u1ee8C"},"image":{"@id":"https:\/\/thuyluccongnghiep.com\/#\/schema\/logo\/image\/"}}]}},"_links":{"self":[{"href":"http:\/\/thuyluccongnghiep.com\/index.php\/wp-json\/wp\/v2\/product\/278","targetHints":{"allow":["GET"]}}],"collection":[{"href":"http:\/\/thuyluccongnghiep.com\/index.php\/wp-json\/wp\/v2\/product"}],"about":[{"href":"http:\/\/thuyluccongnghiep.com\/index.php\/wp-json\/wp\/v2\/types\/product"}],"wp:featuredmedia":[{"embeddable":true,"href":"http:\/\/thuyluccongnghiep.com\/index.php\/wp-json\/wp\/v2\/media\/279"}],"wp:attachment":[{"href":"http:\/\/thuyluccongnghiep.com\/index.php\/wp-json\/wp\/v2\/media?parent=278"}],"wp:term":[{"taxonomy":"product_cat","embeddable":true,"href":"http:\/\/thuyluccongnghiep.com\/index.php\/wp-json\/wp\/v2\/product_cat?post=278"},{"taxonomy":"product_tag","embeddable":true,"href":"http:\/\/thuyluccongnghiep.com\/index.php\/wp-json\/wp\/v2\/product_tag?post=278"}],"curies":[{"name":"wp","href":"https:\/\/api.w.org\/{rel}","templated":true}]}}