{"id":232,"date":"2016-11-10T15:37:12","date_gmt":"2016-11-10T08:37:12","guid":{"rendered":"http:\/\/thuyluccongnghiep.com\/?post_type=product&#038;p=232"},"modified":"2025-10-10T16:03:04","modified_gmt":"2025-10-10T09:03:04","slug":"bo-nguon-bung-nang-buong-nang-viet-nam-lap-rap","status":"publish","type":"product","link":"http:\/\/thuyluccongnghiep.com\/index.php\/san-pham\/bo-nguon-bung-nang-buong-nang-viet-nam-lap-rap\/","title":{"rendered":"B\u1ed9 ngu\u1ed3n th\u1ee7y l\u1ef1c mini  xe b\u1eedng n\u00e2ng ( B\u01b0\u1edfng n\u00e2ng ) Vi\u1ec7t nam l\u1eafp r\u00e1p"},"content":{"rendered":"<h3>Ch\u00fang t\u00f4i xin gi\u1edbi thi\u1ec7u v\u1edbi qu\u00fd kh\u00e1ch h\u00e0ng s\u1ea3n ph\u1ea9m :<\/h3>\n<h3>B\u1ed9 ngu\u1ed3n th\u1ee7y l\u1ef1c mini b\u01b0\u1edfng n\u00e2ng , b\u1eedng n\u00e2ng l\u1eafp r\u00e1p<\/h3>\n<h3>B\u01a1m : 2.1 cc\/v , 2.5cc\/v , 3.0 cc\/v<\/h3>\n<h3>\u0110\u1ed9ng c\u01a1 : 12V &#8211;\u00a01.6kw ,\u00a024V &#8211; 2.2 kw \u00a0: China<\/h3>\n<h3>Van \u0111i\u1ec7n 12V , 24V &#8211; Italia<\/h3>\n<h3>Th\u00f9ng d\u1ea7u: \u00a06 l\u00edt , 8 l\u00edt<\/h3>\n<hr \/>\n<h3><a href=\"http:\/\/thuyluccongnghiep.com\/index.php\/san-pham\/bo-nguon-buong-nang-bung-nang-hydronit-italy\/mach-bo-nguon-buong-nang\/\" rel=\"attachment wp-att-63\"><img loading=\"lazy\" decoding=\"async\" class=\"alignnone size-full wp-image-63\" src=\"http:\/\/thuyluccongnghiep.com\/wp-content\/uploads\/2016\/09\/mach-bo-nguon-buong-nang.jpg\" alt=\"mach-bo-nguon-buong-nang\" width=\"450\" height=\"434\" srcset=\"http:\/\/thuyluccongnghiep.com\/wp-content\/uploads\/2016\/09\/mach-bo-nguon-buong-nang.jpg 450w, http:\/\/thuyluccongnghiep.com\/wp-content\/uploads\/2016\/09\/mach-bo-nguon-buong-nang-300x289.jpg 300w\" sizes=\"auto, (max-width: 450px) 100vw, 450px\" \/><\/a><\/h3>\n<p><a href=\"http:\/\/thuyluccongnghiep.com\/index.php\/san-pham\/bo-nguon-buong-nang-bung-nang-hydronit-italy\/xe_gan_bung_nang\/\" rel=\"attachment wp-att-64\"><img loading=\"lazy\" decoding=\"async\" class=\"alignnone size-full wp-image-64\" src=\"http:\/\/thuyluccongnghiep.com\/wp-content\/uploads\/2016\/09\/xe_gan_bung_nang.jpg\" alt=\"xe_gan_bung_nang\" width=\"400\" height=\"358\" srcset=\"http:\/\/thuyluccongnghiep.com\/wp-content\/uploads\/2016\/09\/xe_gan_bung_nang.jpg 400w, http:\/\/thuyluccongnghiep.com\/wp-content\/uploads\/2016\/09\/xe_gan_bung_nang-300x269.jpg 300w\" sizes=\"auto, (max-width: 400px) 100vw, 400px\" \/><\/a><\/p>\n<p><a href=\"https:\/\/thuyluccongnghiep.com\/?attachment_id=302\" rel=\"attachment wp-att-302\"><img loading=\"lazy\" decoding=\"async\" class=\"alignnone wp-image-302\" src=\"http:\/\/thuyluccongnghiep.com\/wp-content\/uploads\/2016\/11\/BN-DC.png\" alt=\"\" width=\"485\" height=\"510\" srcset=\"http:\/\/thuyluccongnghiep.com\/wp-content\/uploads\/2016\/11\/BN-DC.png 948w, http:\/\/thuyluccongnghiep.com\/wp-content\/uploads\/2016\/11\/BN-DC-548x576.png 548w, http:\/\/thuyluccongnghiep.com\/wp-content\/uploads\/2016\/11\/BN-DC-143x150.png 143w, http:\/\/thuyluccongnghiep.com\/wp-content\/uploads\/2016\/11\/BN-DC-286x300.png 286w, http:\/\/thuyluccongnghiep.com\/wp-content\/uploads\/2016\/11\/BN-DC-768x807.png 768w\" sizes=\"auto, (max-width: 485px) 100vw, 485px\" \/><\/a><a href=\"https:\/\/thuyluccongnghiep.com\/?attachment_id=635\" rel=\"attachment wp-att-635\"><img loading=\"lazy\" decoding=\"async\" class=\"alignnone wp-image-635\" src=\"http:\/\/thuyluccongnghiep.com\/wp-content\/uploads\/2016\/11\/Bo-Nguon.jpg\" alt=\"\" width=\"453\" height=\"556\" srcset=\"http:\/\/thuyluccongnghiep.com\/wp-content\/uploads\/2016\/11\/Bo-Nguon.jpg 617w, http:\/\/thuyluccongnghiep.com\/wp-content\/uploads\/2016\/11\/Bo-Nguon-548x673.jpg 548w, http:\/\/thuyluccongnghiep.com\/wp-content\/uploads\/2016\/11\/Bo-Nguon-244x300.jpg 244w, http:\/\/thuyluccongnghiep.com\/wp-content\/uploads\/2016\/11\/Bo-Nguon-122x150.jpg 122w\" sizes=\"auto, (max-width: 453px) 100vw, 453px\" \/><\/a><\/p>\n<p>&nbsp;<\/p>\n","protected":false},"excerpt":{"rendered":"<p>Ch\u00fang t\u00f4i xin gi\u1edbi thi\u1ec7u v\u1edbi qu\u00fd kh\u00e1ch h\u00e0ng s\u1ea3n ph\u1ea9m : B\u1ed9 ngu\u1ed3n th\u1ee7y l\u1ef1c mini b\u01b0\u1edfng n\u00e2ng , b\u1eedng n\u00e2ng l\u1eafp r\u00e1p B\u01a1m : 2.1 cc\/v , 2.5cc\/v , 3.0 cc\/v \u0110\u1ed9ng c\u01a1 : 12V &#8211;\u00a01.6kw ,\u00a024V &#8211; 2.2 kw \u00a0: China Van \u0111i\u1ec7n 12V , 24V &#8211;&hellip; <\/p>\n","protected":false},"featured_media":739,"template":"","meta":[],"product_cat":[51,7,8],"product_tag":[34,35,36,37,17,18],"class_list":["post-232","product","type-product","status-publish","has-post-thumbnail","hentry","product_cat-chua-phan-loai","product_cat-bo-nguon-mini","product_cat-san-pham-ban-chay","product_tag-bo-nguon","product_tag-bo-nguon-mini","product_tag-bo-nguon-thuy-luc","product_tag-bo-nguon-thuy-luc-mini","product_tag-bung-nang","product_tag-buong-nang"],"yoast_head":"<!-- This site is optimized with the Yoast SEO plugin v19.8 - https:\/\/yoast.com\/wordpress\/plugins\/seo\/ -->\n<title>B\u1ed9 ngu\u1ed3n th\u1ee7y l\u1ef1c mini xe b\u1eedng n\u00e2ng ( B\u01b0\u1edfng n\u00e2ng ) Vi\u1ec7t nam l\u1eafp r\u00e1p - TH\u1ee6Y L\u1ef0C MINH \u0110\u1ee8C<\/title>\n<meta name=\"robots\" content=\"index, follow, max-snippet:-1, max-image-preview:large, max-video-preview:-1\" \/>\n<link rel=\"canonical\" href=\"https:\/\/thuyluccongnghiep.com\/index.php\/san-pham\/bo-nguon-bung-nang-buong-nang-viet-nam-lap-rap\/\" \/>\n<meta property=\"og:locale\" content=\"vi_VN\" \/>\n<meta property=\"og:type\" content=\"article\" \/>\n<meta property=\"og:title\" content=\"B\u1ed9 ngu\u1ed3n th\u1ee7y l\u1ef1c mini xe b\u1eedng n\u00e2ng ( B\u01b0\u1edfng n\u00e2ng ) Vi\u1ec7t nam l\u1eafp r\u00e1p - TH\u1ee6Y L\u1ef0C MINH \u0110\u1ee8C\" \/>\n<meta property=\"og:description\" content=\"Ch\u00fang t\u00f4i xin gi\u1edbi thi\u1ec7u v\u1edbi qu\u00fd kh\u00e1ch h\u00e0ng s\u1ea3n ph\u1ea9m : B\u1ed9 ngu\u1ed3n th\u1ee7y l\u1ef1c mini b\u01b0\u1edfng n\u00e2ng , b\u1eedng n\u00e2ng l\u1eafp r\u00e1p B\u01a1m : 2.1 cc\/v , 2.5cc\/v , 3.0 cc\/v \u0110\u1ed9ng c\u01a1 : 12V &#8211;\u00a01.6kw ,\u00a024V &#8211; 2.2 kw \u00a0: China Van \u0111i\u1ec7n 12V , 24V &#8211;&hellip;\" \/>\n<meta property=\"og:url\" content=\"https:\/\/thuyluccongnghiep.com\/index.php\/san-pham\/bo-nguon-bung-nang-buong-nang-viet-nam-lap-rap\/\" \/>\n<meta property=\"og:site_name\" content=\"TH\u1ee6Y L\u1ef0C MINH \u0110\u1ee8C\" \/>\n<meta property=\"article:modified_time\" content=\"2025-10-10T09:03:04+00:00\" \/>\n<meta property=\"og:image\" content=\"https:\/\/thuyluccongnghiep.com\/wp-content\/uploads\/2016\/11\/BN.jpg\" \/>\n\t<meta property=\"og:image:width\" content=\"343\" \/>\n\t<meta property=\"og:image:height\" content=\"417\" \/>\n\t<meta property=\"og:image:type\" content=\"image\/jpeg\" \/>\n<meta name=\"twitter:card\" content=\"summary_large_image\" \/>\n<meta name=\"twitter:label1\" content=\"\u01af\u1edbc t\u00ednh th\u1eddi gian \u0111\u1ecdc\" \/>\n\t<meta name=\"twitter:data1\" content=\"2 ph\u00fat\" \/>\n<script type=\"application\/ld+json\" class=\"yoast-schema-graph\">{\"@context\":\"https:\/\/schema.org\",\"@graph\":[{\"@type\":\"WebPage\",\"@id\":\"https:\/\/thuyluccongnghiep.com\/index.php\/san-pham\/bo-nguon-bung-nang-buong-nang-viet-nam-lap-rap\/\",\"url\":\"https:\/\/thuyluccongnghiep.com\/index.php\/san-pham\/bo-nguon-bung-nang-buong-nang-viet-nam-lap-rap\/\",\"name\":\"B\u1ed9 ngu\u1ed3n th\u1ee7y l\u1ef1c mini xe b\u1eedng n\u00e2ng ( B\u01b0\u1edfng n\u00e2ng ) Vi\u1ec7t nam l\u1eafp r\u00e1p - TH\u1ee6Y L\u1ef0C MINH \u0110\u1ee8C\",\"isPartOf\":{\"@id\":\"http:\/\/thuyluccongnghiep.com\/#website\"},\"datePublished\":\"2016-11-10T08:37:12+00:00\",\"dateModified\":\"2025-10-10T09:03:04+00:00\",\"breadcrumb\":{\"@id\":\"https:\/\/thuyluccongnghiep.com\/index.php\/san-pham\/bo-nguon-bung-nang-buong-nang-viet-nam-lap-rap\/#breadcrumb\"},\"inLanguage\":\"vi\",\"potentialAction\":[{\"@type\":\"ReadAction\",\"target\":[\"https:\/\/thuyluccongnghiep.com\/index.php\/san-pham\/bo-nguon-bung-nang-buong-nang-viet-nam-lap-rap\/\"]}]},{\"@type\":\"BreadcrumbList\",\"@id\":\"https:\/\/thuyluccongnghiep.com\/index.php\/san-pham\/bo-nguon-bung-nang-buong-nang-viet-nam-lap-rap\/#breadcrumb\",\"itemListElement\":[{\"@type\":\"ListItem\",\"position\":1,\"name\":\"Home\",\"item\":\"http:\/\/thuyluccongnghiep.com\/\"},{\"@type\":\"ListItem\",\"position\":2,\"name\":\"C\u1eeda h\u00e0ng\",\"item\":\"http:\/\/thuyluccongnghiep.com\/\"},{\"@type\":\"ListItem\",\"position\":3,\"name\":\"B\u1ed9 ngu\u1ed3n th\u1ee7y l\u1ef1c mini xe b\u1eedng n\u00e2ng ( B\u01b0\u1edfng n\u00e2ng ) Vi\u1ec7t nam l\u1eafp r\u00e1p\"}]},{\"@type\":\"WebSite\",\"@id\":\"http:\/\/thuyluccongnghiep.com\/#website\",\"url\":\"http:\/\/thuyluccongnghiep.com\/\",\"name\":\"TH\u1ee6Y L\u1ef0C MINH \u0110\u1ee8C\",\"description\":\"Uy T\u00edn- T\u1eadn T\u00e2m - CHuy\u00ean Nghi\u1ec7p\",\"publisher\":{\"@id\":\"http:\/\/thuyluccongnghiep.com\/#organization\"},\"potentialAction\":[{\"@type\":\"SearchAction\",\"target\":{\"@type\":\"EntryPoint\",\"urlTemplate\":\"http:\/\/thuyluccongnghiep.com\/?s={search_term_string}\"},\"query-input\":\"required name=search_term_string\"}],\"inLanguage\":\"vi\"},{\"@type\":\"Organization\",\"@id\":\"http:\/\/thuyluccongnghiep.com\/#organization\",\"name\":\"TH\u1ee6Y L\u1ef0C MINH \u0110\u1ee8C\",\"url\":\"http:\/\/thuyluccongnghiep.com\/\",\"sameAs\":[],\"logo\":{\"@type\":\"ImageObject\",\"inLanguage\":\"vi\",\"@id\":\"http:\/\/thuyluccongnghiep.com\/#\/schema\/logo\/image\/\",\"url\":\"http:\/\/thuyluccongnghiep.com\/wp-content\/uploads\/2020\/04\/cropped-Logo1.jpg\",\"contentUrl\":\"http:\/\/thuyluccongnghiep.com\/wp-content\/uploads\/2020\/04\/cropped-Logo1.jpg\",\"width\":203,\"height\":203,\"caption\":\"TH\u1ee6Y L\u1ef0C MINH \u0110\u1ee8C\"},\"image\":{\"@id\":\"http:\/\/thuyluccongnghiep.com\/#\/schema\/logo\/image\/\"}}]}<\/script>\n<!-- \/ Yoast SEO plugin. -->","yoast_head_json":{"title":"B\u1ed9 ngu\u1ed3n th\u1ee7y l\u1ef1c mini xe b\u1eedng n\u00e2ng ( B\u01b0\u1edfng n\u00e2ng ) Vi\u1ec7t nam l\u1eafp r\u00e1p - TH\u1ee6Y L\u1ef0C MINH \u0110\u1ee8C","robots":{"index":"index","follow":"follow","max-snippet":"max-snippet:-1","max-image-preview":"max-image-preview:large","max-video-preview":"max-video-preview:-1"},"canonical":"https:\/\/thuyluccongnghiep.com\/index.php\/san-pham\/bo-nguon-bung-nang-buong-nang-viet-nam-lap-rap\/","og_locale":"vi_VN","og_type":"article","og_title":"B\u1ed9 ngu\u1ed3n th\u1ee7y l\u1ef1c mini xe b\u1eedng n\u00e2ng ( B\u01b0\u1edfng n\u00e2ng ) Vi\u1ec7t nam l\u1eafp r\u00e1p - TH\u1ee6Y L\u1ef0C MINH \u0110\u1ee8C","og_description":"Ch\u00fang t\u00f4i xin gi\u1edbi thi\u1ec7u v\u1edbi qu\u00fd kh\u00e1ch h\u00e0ng s\u1ea3n ph\u1ea9m : B\u1ed9 ngu\u1ed3n th\u1ee7y l\u1ef1c mini b\u01b0\u1edfng n\u00e2ng , b\u1eedng n\u00e2ng l\u1eafp r\u00e1p B\u01a1m : 2.1 cc\/v , 2.5cc\/v , 3.0 cc\/v \u0110\u1ed9ng c\u01a1 : 12V &#8211;\u00a01.6kw ,\u00a024V &#8211; 2.2 kw \u00a0: China Van \u0111i\u1ec7n 12V , 24V &#8211;&hellip;","og_url":"https:\/\/thuyluccongnghiep.com\/index.php\/san-pham\/bo-nguon-bung-nang-buong-nang-viet-nam-lap-rap\/","og_site_name":"TH\u1ee6Y L\u1ef0C MINH \u0110\u1ee8C","article_modified_time":"2025-10-10T09:03:04+00:00","og_image":[{"width":343,"height":417,"url":"https:\/\/thuyluccongnghiep.com\/wp-content\/uploads\/2016\/11\/BN.jpg","type":"image\/jpeg"}],"twitter_card":"summary_large_image","twitter_misc":{"\u01af\u1edbc t\u00ednh th\u1eddi gian \u0111\u1ecdc":"2 ph\u00fat"},"schema":{"@context":"https:\/\/schema.org","@graph":[{"@type":"WebPage","@id":"https:\/\/thuyluccongnghiep.com\/index.php\/san-pham\/bo-nguon-bung-nang-buong-nang-viet-nam-lap-rap\/","url":"https:\/\/thuyluccongnghiep.com\/index.php\/san-pham\/bo-nguon-bung-nang-buong-nang-viet-nam-lap-rap\/","name":"B\u1ed9 ngu\u1ed3n th\u1ee7y l\u1ef1c mini xe b\u1eedng n\u00e2ng ( B\u01b0\u1edfng n\u00e2ng ) Vi\u1ec7t nam l\u1eafp r\u00e1p - TH\u1ee6Y L\u1ef0C MINH \u0110\u1ee8C","isPartOf":{"@id":"http:\/\/thuyluccongnghiep.com\/#website"},"datePublished":"2016-11-10T08:37:12+00:00","dateModified":"2025-10-10T09:03:04+00:00","breadcrumb":{"@id":"https:\/\/thuyluccongnghiep.com\/index.php\/san-pham\/bo-nguon-bung-nang-buong-nang-viet-nam-lap-rap\/#breadcrumb"},"inLanguage":"vi","potentialAction":[{"@type":"ReadAction","target":["https:\/\/thuyluccongnghiep.com\/index.php\/san-pham\/bo-nguon-bung-nang-buong-nang-viet-nam-lap-rap\/"]}]},{"@type":"BreadcrumbList","@id":"https:\/\/thuyluccongnghiep.com\/index.php\/san-pham\/bo-nguon-bung-nang-buong-nang-viet-nam-lap-rap\/#breadcrumb","itemListElement":[{"@type":"ListItem","position":1,"name":"Home","item":"http:\/\/thuyluccongnghiep.com\/"},{"@type":"ListItem","position":2,"name":"C\u1eeda h\u00e0ng","item":"http:\/\/thuyluccongnghiep.com\/"},{"@type":"ListItem","position":3,"name":"B\u1ed9 ngu\u1ed3n th\u1ee7y l\u1ef1c mini xe b\u1eedng n\u00e2ng ( B\u01b0\u1edfng n\u00e2ng ) Vi\u1ec7t nam l\u1eafp r\u00e1p"}]},{"@type":"WebSite","@id":"http:\/\/thuyluccongnghiep.com\/#website","url":"http:\/\/thuyluccongnghiep.com\/","name":"TH\u1ee6Y L\u1ef0C MINH \u0110\u1ee8C","description":"Uy T\u00edn- T\u1eadn T\u00e2m - CHuy\u00ean Nghi\u1ec7p","publisher":{"@id":"http:\/\/thuyluccongnghiep.com\/#organization"},"potentialAction":[{"@type":"SearchAction","target":{"@type":"EntryPoint","urlTemplate":"http:\/\/thuyluccongnghiep.com\/?s={search_term_string}"},"query-input":"required name=search_term_string"}],"inLanguage":"vi"},{"@type":"Organization","@id":"http:\/\/thuyluccongnghiep.com\/#organization","name":"TH\u1ee6Y L\u1ef0C MINH \u0110\u1ee8C","url":"http:\/\/thuyluccongnghiep.com\/","sameAs":[],"logo":{"@type":"ImageObject","inLanguage":"vi","@id":"http:\/\/thuyluccongnghiep.com\/#\/schema\/logo\/image\/","url":"http:\/\/thuyluccongnghiep.com\/wp-content\/uploads\/2020\/04\/cropped-Logo1.jpg","contentUrl":"http:\/\/thuyluccongnghiep.com\/wp-content\/uploads\/2020\/04\/cropped-Logo1.jpg","width":203,"height":203,"caption":"TH\u1ee6Y L\u1ef0C MINH \u0110\u1ee8C"},"image":{"@id":"http:\/\/thuyluccongnghiep.com\/#\/schema\/logo\/image\/"}}]}},"_links":{"self":[{"href":"http:\/\/thuyluccongnghiep.com\/index.php\/wp-json\/wp\/v2\/product\/232","targetHints":{"allow":["GET"]}}],"collection":[{"href":"http:\/\/thuyluccongnghiep.com\/index.php\/wp-json\/wp\/v2\/product"}],"about":[{"href":"http:\/\/thuyluccongnghiep.com\/index.php\/wp-json\/wp\/v2\/types\/product"}],"wp:featuredmedia":[{"embeddable":true,"href":"http:\/\/thuyluccongnghiep.com\/index.php\/wp-json\/wp\/v2\/media\/739"}],"wp:attachment":[{"href":"http:\/\/thuyluccongnghiep.com\/index.php\/wp-json\/wp\/v2\/media?parent=232"}],"wp:term":[{"taxonomy":"product_cat","embeddable":true,"href":"http:\/\/thuyluccongnghiep.com\/index.php\/wp-json\/wp\/v2\/product_cat?post=232"},{"taxonomy":"product_tag","embeddable":true,"href":"http:\/\/thuyluccongnghiep.com\/index.php\/wp-json\/wp\/v2\/product_tag?post=232"}],"curies":[{"name":"wp","href":"https:\/\/api.w.org\/{rel}","templated":true}]}}