{"id":187,"date":"2016-10-26T13:58:49","date_gmt":"2016-10-26T06:58:49","guid":{"rendered":"http:\/\/thuyluccongnghiep.com\/?post_type=product&#038;p=187"},"modified":"2021-05-04T16:56:08","modified_gmt":"2021-05-04T09:56:08","slug":"bom-banh-rang-han-quoc-joyang","status":"publish","type":"product","link":"http:\/\/thuyluccongnghiep.com\/index.php\/san-pham\/bom-banh-rang-han-quoc-joyang\/","title":{"rendered":"B\u01a1m b\u00e1nh r\u0103ng H\u00e0n qu\u1ed1c &#8211; Joyang"},"content":{"rendered":"<h3>B\u01a1m B\u00e1nh r\u0103ng Joyang- H\u00e0n Qu\u1ed1c .<\/h3>\n<h3>L\u01b0u l\u01b0\u1ee3ng (cc\/v): 3,7\u00a0 , 6, 8, 12, 14 ,16, 18, 22 ,26, 33, 45, 53, 63<\/h3>\n<h3>\u00c1p max : 250bar<\/h3>\n<h3>\u00c1p l\u00e0m vi\u1ec7c: 180 bar<\/h3>\n<hr \/>\n<p><a href=\"http:\/\/thuyluccongnghiep.com\/index.php\/san-pham\/bom-banh-rang-han-quoc-joyang\/bom\/\" rel=\"attachment wp-att-188\"><img loading=\"lazy\" decoding=\"async\" class=\"alignnone size-full wp-image-188\" src=\"http:\/\/thuyluccongnghiep.com\/wp-content\/uploads\/2016\/10\/Bom.jpg\" alt=\"bom\" width=\"200\" height=\"200\" srcset=\"http:\/\/thuyluccongnghiep.com\/wp-content\/uploads\/2016\/10\/Bom.jpg 200w, http:\/\/thuyluccongnghiep.com\/wp-content\/uploads\/2016\/10\/Bom-100x100.jpg 100w, http:\/\/thuyluccongnghiep.com\/wp-content\/uploads\/2016\/10\/Bom-150x150.jpg 150w\" sizes=\"auto, (max-width: 200px) 100vw, 200px\" \/><\/a><\/p>\n","protected":false},"excerpt":{"rendered":"<p>B\u01a1m B\u00e1nh r\u0103ng Joyang- H\u00e0n Qu\u1ed1c . L\u01b0u l\u01b0\u1ee3ng (cc\/v): 3,7\u00a0 , 6, 8, 12, 14 ,16, 18, 22 ,26, 33, 45, 53, 63 \u00c1p max : 250bar \u00c1p l\u00e0m vi\u1ec7c: 180 bar<\/p>\n","protected":false},"featured_media":217,"template":"","meta":[],"product_cat":[26],"product_tag":[32],"class_list":["post-187","product","type-product","status-publish","has-post-thumbnail","hentry","product_cat-bom-tay","product_tag-bom-thuy-luc"],"yoast_head":"<!-- This site is optimized with the Yoast SEO plugin v19.8 - https:\/\/yoast.com\/wordpress\/plugins\/seo\/ -->\n<title>B\u01a1m b\u00e1nh r\u0103ng H\u00e0n qu\u1ed1c - Joyang - TH\u1ee6Y L\u1ef0C MINH \u0110\u1ee8C<\/title>\n<meta name=\"robots\" content=\"index, follow, max-snippet:-1, max-image-preview:large, max-video-preview:-1\" \/>\n<link rel=\"canonical\" href=\"https:\/\/thuyluccongnghiep.com\/index.php\/san-pham\/bom-banh-rang-han-quoc-joyang\/\" \/>\n<meta property=\"og:locale\" content=\"vi_VN\" \/>\n<meta property=\"og:type\" content=\"article\" \/>\n<meta property=\"og:title\" content=\"B\u01a1m b\u00e1nh r\u0103ng H\u00e0n qu\u1ed1c - Joyang - TH\u1ee6Y L\u1ef0C MINH \u0110\u1ee8C\" \/>\n<meta property=\"og:description\" content=\"B\u01a1m B\u00e1nh r\u0103ng Joyang- H\u00e0n Qu\u1ed1c . L\u01b0u l\u01b0\u1ee3ng (cc\/v): 3,7\u00a0 , 6, 8, 12, 14 ,16, 18, 22 ,26, 33, 45, 53, 63 \u00c1p max : 250bar \u00c1p l\u00e0m vi\u1ec7c: 180 bar\" \/>\n<meta property=\"og:url\" content=\"https:\/\/thuyluccongnghiep.com\/index.php\/san-pham\/bom-banh-rang-han-quoc-joyang\/\" \/>\n<meta property=\"og:site_name\" content=\"TH\u1ee6Y L\u1ef0C MINH \u0110\u1ee8C\" \/>\n<meta property=\"article:modified_time\" content=\"2021-05-04T09:56:08+00:00\" \/>\n<meta property=\"og:image\" content=\"https:\/\/thuyluccongnghiep.com\/wp-content\/uploads\/2016\/10\/Bom-5.jpg\" \/>\n\t<meta property=\"og:image:width\" content=\"208\" \/>\n\t<meta property=\"og:image:height\" content=\"252\" \/>\n\t<meta property=\"og:image:type\" content=\"image\/jpeg\" \/>\n<meta name=\"twitter:card\" content=\"summary_large_image\" \/>\n<script type=\"application\/ld+json\" class=\"yoast-schema-graph\">{\"@context\":\"https:\/\/schema.org\",\"@graph\":[{\"@type\":\"WebPage\",\"@id\":\"https:\/\/thuyluccongnghiep.com\/index.php\/san-pham\/bom-banh-rang-han-quoc-joyang\/\",\"url\":\"https:\/\/thuyluccongnghiep.com\/index.php\/san-pham\/bom-banh-rang-han-quoc-joyang\/\",\"name\":\"B\u01a1m b\u00e1nh r\u0103ng H\u00e0n qu\u1ed1c - Joyang - TH\u1ee6Y L\u1ef0C MINH \u0110\u1ee8C\",\"isPartOf\":{\"@id\":\"http:\/\/thuyluccongnghiep.com\/#website\"},\"datePublished\":\"2016-10-26T06:58:49+00:00\",\"dateModified\":\"2021-05-04T09:56:08+00:00\",\"breadcrumb\":{\"@id\":\"https:\/\/thuyluccongnghiep.com\/index.php\/san-pham\/bom-banh-rang-han-quoc-joyang\/#breadcrumb\"},\"inLanguage\":\"vi\",\"potentialAction\":[{\"@type\":\"ReadAction\",\"target\":[\"https:\/\/thuyluccongnghiep.com\/index.php\/san-pham\/bom-banh-rang-han-quoc-joyang\/\"]}]},{\"@type\":\"BreadcrumbList\",\"@id\":\"https:\/\/thuyluccongnghiep.com\/index.php\/san-pham\/bom-banh-rang-han-quoc-joyang\/#breadcrumb\",\"itemListElement\":[{\"@type\":\"ListItem\",\"position\":1,\"name\":\"Home\",\"item\":\"http:\/\/thuyluccongnghiep.com\/\"},{\"@type\":\"ListItem\",\"position\":2,\"name\":\"C\u1eeda h\u00e0ng\",\"item\":\"http:\/\/thuyluccongnghiep.com\/\"},{\"@type\":\"ListItem\",\"position\":3,\"name\":\"B\u01a1m b\u00e1nh r\u0103ng H\u00e0n qu\u1ed1c &#8211; Joyang\"}]},{\"@type\":\"WebSite\",\"@id\":\"http:\/\/thuyluccongnghiep.com\/#website\",\"url\":\"http:\/\/thuyluccongnghiep.com\/\",\"name\":\"TH\u1ee6Y L\u1ef0C MINH \u0110\u1ee8C\",\"description\":\"Uy T\u00edn- T\u1eadn T\u00e2m - CHuy\u00ean Nghi\u1ec7p\",\"publisher\":{\"@id\":\"http:\/\/thuyluccongnghiep.com\/#organization\"},\"potentialAction\":[{\"@type\":\"SearchAction\",\"target\":{\"@type\":\"EntryPoint\",\"urlTemplate\":\"http:\/\/thuyluccongnghiep.com\/?s={search_term_string}\"},\"query-input\":\"required name=search_term_string\"}],\"inLanguage\":\"vi\"},{\"@type\":\"Organization\",\"@id\":\"http:\/\/thuyluccongnghiep.com\/#organization\",\"name\":\"TH\u1ee6Y L\u1ef0C MINH \u0110\u1ee8C\",\"url\":\"http:\/\/thuyluccongnghiep.com\/\",\"sameAs\":[],\"logo\":{\"@type\":\"ImageObject\",\"inLanguage\":\"vi\",\"@id\":\"http:\/\/thuyluccongnghiep.com\/#\/schema\/logo\/image\/\",\"url\":\"http:\/\/thuyluccongnghiep.com\/wp-content\/uploads\/2020\/04\/cropped-Logo1.jpg\",\"contentUrl\":\"http:\/\/thuyluccongnghiep.com\/wp-content\/uploads\/2020\/04\/cropped-Logo1.jpg\",\"width\":203,\"height\":203,\"caption\":\"TH\u1ee6Y L\u1ef0C MINH \u0110\u1ee8C\"},\"image\":{\"@id\":\"http:\/\/thuyluccongnghiep.com\/#\/schema\/logo\/image\/\"}}]}<\/script>\n<!-- \/ Yoast SEO plugin. -->","yoast_head_json":{"title":"B\u01a1m b\u00e1nh r\u0103ng H\u00e0n qu\u1ed1c - Joyang - TH\u1ee6Y L\u1ef0C MINH \u0110\u1ee8C","robots":{"index":"index","follow":"follow","max-snippet":"max-snippet:-1","max-image-preview":"max-image-preview:large","max-video-preview":"max-video-preview:-1"},"canonical":"https:\/\/thuyluccongnghiep.com\/index.php\/san-pham\/bom-banh-rang-han-quoc-joyang\/","og_locale":"vi_VN","og_type":"article","og_title":"B\u01a1m b\u00e1nh r\u0103ng H\u00e0n qu\u1ed1c - Joyang - TH\u1ee6Y L\u1ef0C MINH \u0110\u1ee8C","og_description":"B\u01a1m B\u00e1nh r\u0103ng Joyang- H\u00e0n Qu\u1ed1c . L\u01b0u l\u01b0\u1ee3ng (cc\/v): 3,7\u00a0 , 6, 8, 12, 14 ,16, 18, 22 ,26, 33, 45, 53, 63 \u00c1p max : 250bar \u00c1p l\u00e0m vi\u1ec7c: 180 bar","og_url":"https:\/\/thuyluccongnghiep.com\/index.php\/san-pham\/bom-banh-rang-han-quoc-joyang\/","og_site_name":"TH\u1ee6Y L\u1ef0C MINH \u0110\u1ee8C","article_modified_time":"2021-05-04T09:56:08+00:00","og_image":[{"width":208,"height":252,"url":"https:\/\/thuyluccongnghiep.com\/wp-content\/uploads\/2016\/10\/Bom-5.jpg","type":"image\/jpeg"}],"twitter_card":"summary_large_image","schema":{"@context":"https:\/\/schema.org","@graph":[{"@type":"WebPage","@id":"https:\/\/thuyluccongnghiep.com\/index.php\/san-pham\/bom-banh-rang-han-quoc-joyang\/","url":"https:\/\/thuyluccongnghiep.com\/index.php\/san-pham\/bom-banh-rang-han-quoc-joyang\/","name":"B\u01a1m b\u00e1nh r\u0103ng H\u00e0n qu\u1ed1c - Joyang - TH\u1ee6Y L\u1ef0C MINH \u0110\u1ee8C","isPartOf":{"@id":"http:\/\/thuyluccongnghiep.com\/#website"},"datePublished":"2016-10-26T06:58:49+00:00","dateModified":"2021-05-04T09:56:08+00:00","breadcrumb":{"@id":"https:\/\/thuyluccongnghiep.com\/index.php\/san-pham\/bom-banh-rang-han-quoc-joyang\/#breadcrumb"},"inLanguage":"vi","potentialAction":[{"@type":"ReadAction","target":["https:\/\/thuyluccongnghiep.com\/index.php\/san-pham\/bom-banh-rang-han-quoc-joyang\/"]}]},{"@type":"BreadcrumbList","@id":"https:\/\/thuyluccongnghiep.com\/index.php\/san-pham\/bom-banh-rang-han-quoc-joyang\/#breadcrumb","itemListElement":[{"@type":"ListItem","position":1,"name":"Home","item":"http:\/\/thuyluccongnghiep.com\/"},{"@type":"ListItem","position":2,"name":"C\u1eeda h\u00e0ng","item":"http:\/\/thuyluccongnghiep.com\/"},{"@type":"ListItem","position":3,"name":"B\u01a1m b\u00e1nh r\u0103ng H\u00e0n qu\u1ed1c &#8211; Joyang"}]},{"@type":"WebSite","@id":"http:\/\/thuyluccongnghiep.com\/#website","url":"http:\/\/thuyluccongnghiep.com\/","name":"TH\u1ee6Y L\u1ef0C MINH \u0110\u1ee8C","description":"Uy T\u00edn- T\u1eadn T\u00e2m - CHuy\u00ean Nghi\u1ec7p","publisher":{"@id":"http:\/\/thuyluccongnghiep.com\/#organization"},"potentialAction":[{"@type":"SearchAction","target":{"@type":"EntryPoint","urlTemplate":"http:\/\/thuyluccongnghiep.com\/?s={search_term_string}"},"query-input":"required name=search_term_string"}],"inLanguage":"vi"},{"@type":"Organization","@id":"http:\/\/thuyluccongnghiep.com\/#organization","name":"TH\u1ee6Y L\u1ef0C MINH \u0110\u1ee8C","url":"http:\/\/thuyluccongnghiep.com\/","sameAs":[],"logo":{"@type":"ImageObject","inLanguage":"vi","@id":"http:\/\/thuyluccongnghiep.com\/#\/schema\/logo\/image\/","url":"http:\/\/thuyluccongnghiep.com\/wp-content\/uploads\/2020\/04\/cropped-Logo1.jpg","contentUrl":"http:\/\/thuyluccongnghiep.com\/wp-content\/uploads\/2020\/04\/cropped-Logo1.jpg","width":203,"height":203,"caption":"TH\u1ee6Y L\u1ef0C MINH \u0110\u1ee8C"},"image":{"@id":"http:\/\/thuyluccongnghiep.com\/#\/schema\/logo\/image\/"}}]}},"_links":{"self":[{"href":"http:\/\/thuyluccongnghiep.com\/index.php\/wp-json\/wp\/v2\/product\/187","targetHints":{"allow":["GET"]}}],"collection":[{"href":"http:\/\/thuyluccongnghiep.com\/index.php\/wp-json\/wp\/v2\/product"}],"about":[{"href":"http:\/\/thuyluccongnghiep.com\/index.php\/wp-json\/wp\/v2\/types\/product"}],"wp:featuredmedia":[{"embeddable":true,"href":"http:\/\/thuyluccongnghiep.com\/index.php\/wp-json\/wp\/v2\/media\/217"}],"wp:attachment":[{"href":"http:\/\/thuyluccongnghiep.com\/index.php\/wp-json\/wp\/v2\/media?parent=187"}],"wp:term":[{"taxonomy":"product_cat","embeddable":true,"href":"http:\/\/thuyluccongnghiep.com\/index.php\/wp-json\/wp\/v2\/product_cat?post=187"},{"taxonomy":"product_tag","embeddable":true,"href":"http:\/\/thuyluccongnghiep.com\/index.php\/wp-json\/wp\/v2\/product_tag?post=187"}],"curies":[{"name":"wp","href":"https:\/\/api.w.org\/{rel}","templated":true}]}}