{"id":182,"date":"2016-10-26T13:42:03","date_gmt":"2016-10-26T06:42:03","guid":{"rendered":"http:\/\/thuyluccongnghiep.com\/?post_type=product&#038;p=182"},"modified":"2020-04-22T13:03:10","modified_gmt":"2020-04-22T06:03:10","slug":"toi-thuy-luc-4-tan-xe-san-truot","status":"publish","type":"product","link":"http:\/\/thuyluccongnghiep.com\/index.php\/san-pham\/toi-thuy-luc-4-tan-xe-san-truot\/","title":{"rendered":"T\u1eddi th\u1ee7y l\u1ef1c 4 t\u1ea5n xe s\u00e0n tr\u01b0\u1ee3t"},"content":{"rendered":"<h2>T\u1eddi th\u1ee7y l\u1ef1c : NCH 4000<\/h2>\n<h3>\u1ee8ng d\u1ee5ng : d\u00f9ng cho xe chuy\u00ean d\u00f9ng s\u00e0n tr\u01b0\u1ee3t\u00a0 c\u1ee9u h\u1ed9 ch\u1edf <a href=\"http:\/\/www.vatgia.com\/3544\/o-to-xe-may-xe-dap.html\"><b>\u00d4 t\u00f4<\/b><\/a> , &#8230;<\/h3>\n<h3>L\u1ef1c k\u00e9o : 4\u00a0T\u1ea5n<\/h3>\n<hr \/>\n<h3><\/h3>\n<p><a href=\"http:\/\/thuyluccongnghiep.com\/index.php\/san-pham\/toi-thuy-luc-4-tan-xe-san-truot\/toi-4t\/\" rel=\"attachment wp-att-183\"><img loading=\"lazy\" decoding=\"async\" class=\"alignnone size-full wp-image-183\" src=\"http:\/\/thuyluccongnghiep.com\/wp-content\/uploads\/2016\/10\/toi-4t.jpg\" alt=\"toi-4t\" width=\"939\" height=\"1175\" srcset=\"http:\/\/thuyluccongnghiep.com\/wp-content\/uploads\/2016\/10\/toi-4t.jpg 939w, http:\/\/thuyluccongnghiep.com\/wp-content\/uploads\/2016\/10\/toi-4t-548x686.jpg 548w, http:\/\/thuyluccongnghiep.com\/wp-content\/uploads\/2016\/10\/toi-4t-240x300.jpg 240w, http:\/\/thuyluccongnghiep.com\/wp-content\/uploads\/2016\/10\/toi-4t-768x961.jpg 768w, http:\/\/thuyluccongnghiep.com\/wp-content\/uploads\/2016\/10\/toi-4t-818x1024.jpg 818w\" sizes=\"auto, (max-width: 939px) 100vw, 939px\" \/><\/a><\/p>\n<p><a href=\"http:\/\/thuyluccongnghiep.com\/index.php\/san-pham\/toi-thuy-luc-4-tan-xe-san-truot\/toi-4t-4\/\" rel=\"attachment wp-att-213\"><img loading=\"lazy\" decoding=\"async\" class=\"alignnone size-full wp-image-213\" src=\"http:\/\/thuyluccongnghiep.com\/wp-content\/uploads\/2016\/10\/toi-4t-4.jpg\" alt=\"toi-4t-4\" width=\"961\" height=\"1179\" srcset=\"http:\/\/thuyluccongnghiep.com\/wp-content\/uploads\/2016\/10\/toi-4t-4.jpg 961w, http:\/\/thuyluccongnghiep.com\/wp-content\/uploads\/2016\/10\/toi-4t-4-548x672.jpg 548w, http:\/\/thuyluccongnghiep.com\/wp-content\/uploads\/2016\/10\/toi-4t-4-245x300.jpg 245w, http:\/\/thuyluccongnghiep.com\/wp-content\/uploads\/2016\/10\/toi-4t-4-768x942.jpg 768w, http:\/\/thuyluccongnghiep.com\/wp-content\/uploads\/2016\/10\/toi-4t-4-835x1024.jpg 835w\" sizes=\"auto, (max-width: 961px) 100vw, 961px\" \/><\/a><\/p>\n<p>&nbsp;<\/p>\n<p>Th\u00f4ng tin li\u00ean h\u1ec7<\/p>\n<p>Mr. Nguy\u1ec5n V\u0103n D\u0169ng<\/p>\n<p>S\u1ed1.62, Ng\u00e1ch 6\/12, Ph\u1ed1 \u0110\u1ed9i Nh\u00e2n , Ph\u01b0\u1eddng V\u0129nh Ph\u00fac<br \/>\nQu\u1eadn Ba \u0110\u00ecnh, H\u00e0 N\u1ed9i , Vi\u1ec7t Nam.<br \/>\nMobile:\u00a0\u00a00986 154 136 \u00a0 ho\u1eb7c \u00a0\u00a00979 830 186<br \/>\nEmail:\u00a0\u00a0nguyendung.kb@gmail.com<br \/>\nWebsite:\u00a0http:\/\/www.thuyluccongnghiep.com\/<\/p>\n","protected":false},"excerpt":{"rendered":"<p>T\u1eddi th\u1ee7y l\u1ef1c : NCH 4000 \u1ee8ng d\u1ee5ng : d\u00f9ng cho xe chuy\u00ean d\u00f9ng s\u00e0n tr\u01b0\u1ee3t\u00a0 c\u1ee9u h\u1ed9 ch\u1edf \u00d4 t\u00f4 , &#8230; L\u1ef1c k\u00e9o : 4\u00a0T\u1ea5n &nbsp; Th\u00f4ng tin li\u00ean h\u1ec7 Mr. Nguy\u1ec5n V\u0103n D\u0169ng S\u1ed1.62, Ng\u00e1ch 6\/12, Ph\u1ed1 \u0110\u1ed9i Nh\u00e2n , Ph\u01b0\u1eddng V\u0129nh Ph\u00fac Qu\u1eadn Ba \u0110\u00ecnh, H\u00e0&hellip; <\/p>\n","protected":false},"featured_media":186,"template":"","meta":[],"product_cat":[51,14],"product_tag":[31],"class_list":["post-182","product","type-product","status-publish","has-post-thumbnail","hentry","product_cat-chua-phan-loai","product_cat-toi","product_tag-toi-thuy-luc"],"yoast_head":"<!-- This site is optimized with the Yoast SEO plugin v19.8 - https:\/\/yoast.com\/wordpress\/plugins\/seo\/ -->\n<title>T\u1eddi th\u1ee7y l\u1ef1c 4 t\u1ea5n xe s\u00e0n tr\u01b0\u1ee3t - TH\u1ee6Y L\u1ef0C MINH \u0110\u1ee8C<\/title>\n<meta name=\"robots\" content=\"index, follow, max-snippet:-1, max-image-preview:large, max-video-preview:-1\" \/>\n<link rel=\"canonical\" href=\"http:\/\/thuyluccongnghiep.com\/index.php\/san-pham\/toi-thuy-luc-4-tan-xe-san-truot\/\" \/>\n<meta property=\"og:locale\" content=\"vi_VN\" \/>\n<meta property=\"og:type\" content=\"article\" \/>\n<meta property=\"og:title\" content=\"T\u1eddi th\u1ee7y l\u1ef1c 4 t\u1ea5n xe s\u00e0n tr\u01b0\u1ee3t - TH\u1ee6Y L\u1ef0C MINH \u0110\u1ee8C\" \/>\n<meta property=\"og:description\" content=\"T\u1eddi th\u1ee7y l\u1ef1c : NCH 4000 \u1ee8ng d\u1ee5ng : d\u00f9ng cho xe chuy\u00ean d\u00f9ng s\u00e0n tr\u01b0\u1ee3t\u00a0 c\u1ee9u h\u1ed9 ch\u1edf \u00d4 t\u00f4 , &#8230; L\u1ef1c k\u00e9o : 4\u00a0T\u1ea5n &nbsp; Th\u00f4ng tin li\u00ean h\u1ec7 Mr. Nguy\u1ec5n V\u0103n D\u0169ng S\u1ed1.62, Ng\u00e1ch 6\/12, Ph\u1ed1 \u0110\u1ed9i Nh\u00e2n , Ph\u01b0\u1eddng V\u0129nh Ph\u00fac Qu\u1eadn Ba \u0110\u00ecnh, H\u00e0&hellip;\" \/>\n<meta property=\"og:url\" content=\"http:\/\/thuyluccongnghiep.com\/index.php\/san-pham\/toi-thuy-luc-4-tan-xe-san-truot\/\" \/>\n<meta property=\"og:site_name\" content=\"TH\u1ee6Y L\u1ef0C MINH \u0110\u1ee8C\" \/>\n<meta property=\"article:modified_time\" content=\"2020-04-22T06:03:10+00:00\" \/>\n<meta property=\"og:image\" content=\"http:\/\/thuyluccongnghiep.com\/wp-content\/uploads\/2016\/10\/Toi-4t-w-1.jpg\" \/>\n\t<meta property=\"og:image:width\" content=\"558\" \/>\n\t<meta property=\"og:image:height\" content=\"537\" \/>\n\t<meta property=\"og:image:type\" content=\"image\/jpeg\" \/>\n<meta name=\"twitter:card\" content=\"summary_large_image\" \/>\n<script type=\"application\/ld+json\" class=\"yoast-schema-graph\">{\"@context\":\"https:\/\/schema.org\",\"@graph\":[{\"@type\":\"WebPage\",\"@id\":\"http:\/\/thuyluccongnghiep.com\/index.php\/san-pham\/toi-thuy-luc-4-tan-xe-san-truot\/\",\"url\":\"http:\/\/thuyluccongnghiep.com\/index.php\/san-pham\/toi-thuy-luc-4-tan-xe-san-truot\/\",\"name\":\"T\u1eddi th\u1ee7y l\u1ef1c 4 t\u1ea5n xe s\u00e0n tr\u01b0\u1ee3t - TH\u1ee6Y L\u1ef0C MINH \u0110\u1ee8C\",\"isPartOf\":{\"@id\":\"https:\/\/thuyluccongnghiep.com\/#website\"},\"datePublished\":\"2016-10-26T06:42:03+00:00\",\"dateModified\":\"2020-04-22T06:03:10+00:00\",\"breadcrumb\":{\"@id\":\"http:\/\/thuyluccongnghiep.com\/index.php\/san-pham\/toi-thuy-luc-4-tan-xe-san-truot\/#breadcrumb\"},\"inLanguage\":\"vi\",\"potentialAction\":[{\"@type\":\"ReadAction\",\"target\":[\"http:\/\/thuyluccongnghiep.com\/index.php\/san-pham\/toi-thuy-luc-4-tan-xe-san-truot\/\"]}]},{\"@type\":\"BreadcrumbList\",\"@id\":\"http:\/\/thuyluccongnghiep.com\/index.php\/san-pham\/toi-thuy-luc-4-tan-xe-san-truot\/#breadcrumb\",\"itemListElement\":[{\"@type\":\"ListItem\",\"position\":1,\"name\":\"Home\",\"item\":\"https:\/\/thuyluccongnghiep.com\/\"},{\"@type\":\"ListItem\",\"position\":2,\"name\":\"C\u1eeda h\u00e0ng\",\"item\":\"https:\/\/thuyluccongnghiep.com\/\"},{\"@type\":\"ListItem\",\"position\":3,\"name\":\"T\u1eddi th\u1ee7y l\u1ef1c 4 t\u1ea5n xe s\u00e0n tr\u01b0\u1ee3t\"}]},{\"@type\":\"WebSite\",\"@id\":\"https:\/\/thuyluccongnghiep.com\/#website\",\"url\":\"https:\/\/thuyluccongnghiep.com\/\",\"name\":\"TH\u1ee6Y L\u1ef0C MINH \u0110\u1ee8C\",\"description\":\"Uy T\u00edn- T\u1eadn T\u00e2m - CHuy\u00ean Nghi\u1ec7p\",\"publisher\":{\"@id\":\"https:\/\/thuyluccongnghiep.com\/#organization\"},\"potentialAction\":[{\"@type\":\"SearchAction\",\"target\":{\"@type\":\"EntryPoint\",\"urlTemplate\":\"https:\/\/thuyluccongnghiep.com\/?s={search_term_string}\"},\"query-input\":\"required name=search_term_string\"}],\"inLanguage\":\"vi\"},{\"@type\":\"Organization\",\"@id\":\"https:\/\/thuyluccongnghiep.com\/#organization\",\"name\":\"TH\u1ee6Y L\u1ef0C MINH \u0110\u1ee8C\",\"url\":\"https:\/\/thuyluccongnghiep.com\/\",\"sameAs\":[],\"logo\":{\"@type\":\"ImageObject\",\"inLanguage\":\"vi\",\"@id\":\"https:\/\/thuyluccongnghiep.com\/#\/schema\/logo\/image\/\",\"url\":\"http:\/\/thuyluccongnghiep.com\/wp-content\/uploads\/2020\/04\/cropped-Logo1.jpg\",\"contentUrl\":\"http:\/\/thuyluccongnghiep.com\/wp-content\/uploads\/2020\/04\/cropped-Logo1.jpg\",\"width\":203,\"height\":203,\"caption\":\"TH\u1ee6Y L\u1ef0C MINH \u0110\u1ee8C\"},\"image\":{\"@id\":\"https:\/\/thuyluccongnghiep.com\/#\/schema\/logo\/image\/\"}}]}<\/script>\n<!-- \/ Yoast SEO plugin. -->","yoast_head_json":{"title":"T\u1eddi th\u1ee7y l\u1ef1c 4 t\u1ea5n xe s\u00e0n tr\u01b0\u1ee3t - TH\u1ee6Y L\u1ef0C MINH \u0110\u1ee8C","robots":{"index":"index","follow":"follow","max-snippet":"max-snippet:-1","max-image-preview":"max-image-preview:large","max-video-preview":"max-video-preview:-1"},"canonical":"http:\/\/thuyluccongnghiep.com\/index.php\/san-pham\/toi-thuy-luc-4-tan-xe-san-truot\/","og_locale":"vi_VN","og_type":"article","og_title":"T\u1eddi th\u1ee7y l\u1ef1c 4 t\u1ea5n xe s\u00e0n tr\u01b0\u1ee3t - TH\u1ee6Y L\u1ef0C MINH \u0110\u1ee8C","og_description":"T\u1eddi th\u1ee7y l\u1ef1c : NCH 4000 \u1ee8ng d\u1ee5ng : d\u00f9ng cho xe chuy\u00ean d\u00f9ng s\u00e0n tr\u01b0\u1ee3t\u00a0 c\u1ee9u h\u1ed9 ch\u1edf \u00d4 t\u00f4 , &#8230; L\u1ef1c k\u00e9o : 4\u00a0T\u1ea5n &nbsp; Th\u00f4ng tin li\u00ean h\u1ec7 Mr. Nguy\u1ec5n V\u0103n D\u0169ng S\u1ed1.62, Ng\u00e1ch 6\/12, Ph\u1ed1 \u0110\u1ed9i Nh\u00e2n , Ph\u01b0\u1eddng V\u0129nh Ph\u00fac Qu\u1eadn Ba \u0110\u00ecnh, H\u00e0&hellip;","og_url":"http:\/\/thuyluccongnghiep.com\/index.php\/san-pham\/toi-thuy-luc-4-tan-xe-san-truot\/","og_site_name":"TH\u1ee6Y L\u1ef0C MINH \u0110\u1ee8C","article_modified_time":"2020-04-22T06:03:10+00:00","og_image":[{"width":558,"height":537,"url":"http:\/\/thuyluccongnghiep.com\/wp-content\/uploads\/2016\/10\/Toi-4t-w-1.jpg","type":"image\/jpeg"}],"twitter_card":"summary_large_image","schema":{"@context":"https:\/\/schema.org","@graph":[{"@type":"WebPage","@id":"http:\/\/thuyluccongnghiep.com\/index.php\/san-pham\/toi-thuy-luc-4-tan-xe-san-truot\/","url":"http:\/\/thuyluccongnghiep.com\/index.php\/san-pham\/toi-thuy-luc-4-tan-xe-san-truot\/","name":"T\u1eddi th\u1ee7y l\u1ef1c 4 t\u1ea5n xe s\u00e0n tr\u01b0\u1ee3t - TH\u1ee6Y L\u1ef0C MINH \u0110\u1ee8C","isPartOf":{"@id":"https:\/\/thuyluccongnghiep.com\/#website"},"datePublished":"2016-10-26T06:42:03+00:00","dateModified":"2020-04-22T06:03:10+00:00","breadcrumb":{"@id":"http:\/\/thuyluccongnghiep.com\/index.php\/san-pham\/toi-thuy-luc-4-tan-xe-san-truot\/#breadcrumb"},"inLanguage":"vi","potentialAction":[{"@type":"ReadAction","target":["http:\/\/thuyluccongnghiep.com\/index.php\/san-pham\/toi-thuy-luc-4-tan-xe-san-truot\/"]}]},{"@type":"BreadcrumbList","@id":"http:\/\/thuyluccongnghiep.com\/index.php\/san-pham\/toi-thuy-luc-4-tan-xe-san-truot\/#breadcrumb","itemListElement":[{"@type":"ListItem","position":1,"name":"Home","item":"https:\/\/thuyluccongnghiep.com\/"},{"@type":"ListItem","position":2,"name":"C\u1eeda h\u00e0ng","item":"https:\/\/thuyluccongnghiep.com\/"},{"@type":"ListItem","position":3,"name":"T\u1eddi th\u1ee7y l\u1ef1c 4 t\u1ea5n xe s\u00e0n tr\u01b0\u1ee3t"}]},{"@type":"WebSite","@id":"https:\/\/thuyluccongnghiep.com\/#website","url":"https:\/\/thuyluccongnghiep.com\/","name":"TH\u1ee6Y L\u1ef0C MINH \u0110\u1ee8C","description":"Uy T\u00edn- T\u1eadn T\u00e2m - CHuy\u00ean Nghi\u1ec7p","publisher":{"@id":"https:\/\/thuyluccongnghiep.com\/#organization"},"potentialAction":[{"@type":"SearchAction","target":{"@type":"EntryPoint","urlTemplate":"https:\/\/thuyluccongnghiep.com\/?s={search_term_string}"},"query-input":"required name=search_term_string"}],"inLanguage":"vi"},{"@type":"Organization","@id":"https:\/\/thuyluccongnghiep.com\/#organization","name":"TH\u1ee6Y L\u1ef0C MINH \u0110\u1ee8C","url":"https:\/\/thuyluccongnghiep.com\/","sameAs":[],"logo":{"@type":"ImageObject","inLanguage":"vi","@id":"https:\/\/thuyluccongnghiep.com\/#\/schema\/logo\/image\/","url":"http:\/\/thuyluccongnghiep.com\/wp-content\/uploads\/2020\/04\/cropped-Logo1.jpg","contentUrl":"http:\/\/thuyluccongnghiep.com\/wp-content\/uploads\/2020\/04\/cropped-Logo1.jpg","width":203,"height":203,"caption":"TH\u1ee6Y L\u1ef0C MINH \u0110\u1ee8C"},"image":{"@id":"https:\/\/thuyluccongnghiep.com\/#\/schema\/logo\/image\/"}}]}},"_links":{"self":[{"href":"http:\/\/thuyluccongnghiep.com\/index.php\/wp-json\/wp\/v2\/product\/182","targetHints":{"allow":["GET"]}}],"collection":[{"href":"http:\/\/thuyluccongnghiep.com\/index.php\/wp-json\/wp\/v2\/product"}],"about":[{"href":"http:\/\/thuyluccongnghiep.com\/index.php\/wp-json\/wp\/v2\/types\/product"}],"wp:featuredmedia":[{"embeddable":true,"href":"http:\/\/thuyluccongnghiep.com\/index.php\/wp-json\/wp\/v2\/media\/186"}],"wp:attachment":[{"href":"http:\/\/thuyluccongnghiep.com\/index.php\/wp-json\/wp\/v2\/media?parent=182"}],"wp:term":[{"taxonomy":"product_cat","embeddable":true,"href":"http:\/\/thuyluccongnghiep.com\/index.php\/wp-json\/wp\/v2\/product_cat?post=182"},{"taxonomy":"product_tag","embeddable":true,"href":"http:\/\/thuyluccongnghiep.com\/index.php\/wp-json\/wp\/v2\/product_tag?post=182"}],"curies":[{"name":"wp","href":"https:\/\/api.w.org\/{rel}","templated":true}]}}